{"id":2502,"date":"2023-07-27T14:58:34","date_gmt":"2023-07-27T12:58:34","guid":{"rendered":"https:\/\/www.ate-drainage.com\/?page_id=2502"},"modified":"2024-08-02T14:58:02","modified_gmt":"2024-08-02T12:58:02","slug":"drenaje","status":"publish","type":"page","link":"https:\/\/www.ate-drainage.com\/es\/drenaje\/","title":{"rendered":"Drenaje"},"content":{"rendered":"\n<div class=\"wp-block-columns is-layout-flex wp-container-core-columns-is-layout-9d6595d7 wp-block-columns-is-layout-flex\">\n<div class=\"wp-block-column is-layout-flow wp-block-column-is-layout-flow\" style=\"flex-basis:33.33%\">\n<figure class=\"wp-block-image size-full\"><img decoding=\"async\" width=\"683\" height=\"1024\" src=\"https:\/\/www.ate-drainage.com\/wp-content\/uploads\/2023\/07\/ate-drainage-683x1024-web.jpg\" alt=\"\" class=\"wp-image-555\" srcset=\"https:\/\/www.ate-drainage.com\/wp-content\/uploads\/2023\/07\/ate-drainage-683x1024-web.jpg 683w, https:\/\/www.ate-drainage.com\/wp-content\/uploads\/2023\/07\/ate-drainage-683x1024-web-200x300.jpg 200w\" sizes=\"(max-width: 683px) 100vw, 683px\" \/><\/figure>\n<\/div>\n\n\n\n<div class=\"wp-block-column is-layout-flow wp-block-column-is-layout-flow\" style=\"flex-basis:66.66%\">\n<h2 class=\"wp-block-heading\">Drenaje<\/h2>\n\n\n\n<h3 class=\"wp-block-heading\">\u00bf Qu\u00e9 es un drenaje&nbsp;?<\/h3>\n\n\n\n<p>En agricultura, dentro del \u00e1mbito de la construcci\u00f3n o incluso para los suelos deportivos o espacios verdes, el drenaje es una operaci\u00f3n que consiste en evacuar las aguas presentes en exceso en el suelo tras las precipitaciones.<\/p>\n\n\n\n<p>Es muy importante escoger el producto adecuado en funci\u00f3n del \u00e1mbito de aplicaci\u00f3n, del modo de instalaci\u00f3n y de la naturaleza del suelo.<\/p>\n\n\n\n<p>Por ejemplo, los productos empleados en el \u00e1mbito agr\u00edcola no pueden utilizarse en el \u00e1mbito de la edificaci\u00f3n.<\/p>\n\n\n\n<p>Para obtener un buen drenaje, es necesario realizar una pendiente con el fin de garantizar la evacuaci\u00f3n de las aguas recolectadas. Por este motivo, lo ideal es efectuar una colocaci\u00f3n mec\u00e1nica para los drenajes en rollos o una colocaci\u00f3n manual para los drenajes en barra.<\/p>\n<\/div>\n<\/div>\n\n\n\n<h2 class=\"wp-block-heading\">Las soluciones ATE para el DRENAJE<\/h2>\n\n\n\n<p>\u00bfQu\u00e9 drenaje hay que utilizar para garantizar un buen resultado a largo plazo?<\/p>\n\n\n\n<p>En un primer momento, hay que determinar el \u00e1mbito de aplicaci\u00f3n; los principios son los siguientes:<\/p>\n\n\n\n<ul class=\"wp-block-list\">\n<li><a href=\"https:\/\/www.ate-drainage.com\/es\/produits\/categorie\/drenaje-agricola\/\">Drenaje agr\u00edcola<\/a><\/li>\n\n\n\n<li><a href=\"https:\/\/www.ate-drainage.com\/es\/produits\/categorie\/drenaje-paisajistico\/\">Drenaje paisaj\u00edstico<\/a><\/li>\n\n\n\n<li><a href=\"https:\/\/www.ate-drainage.com\/es\/produits\/categorie\/drenaje-de-cimientos\/\">Drenaje de cimientos<\/a><\/li>\n\n\n\n<li><a href=\"https:\/\/www.ate-drainage.com\/es\/produits\/categorie\/drenaje-de-carreteras\/\">Drenaje de carreteras<\/a><\/li>\n\n\n\n<li><a href=\"https:\/\/www.ate-drainage.com\/es\/produits\/categorie\/drenaje-de-suelos-deportivos\/\">Drenaje de suelos deportivos<\/a><\/li>\n<\/ul>\n\n\n\n<p><\/p>\n\n\n\n<p>Otro criterio es la naturaleza del suelo. En los suelos con poca permeabilidad (ej.: arcilla) se aconseja a\u00f1adir grava o instalar drenajes con revestimientos espec\u00edficos para limitar la obstrucci\u00f3n y asegurar el correcto funcionamiento del sistema de drenaje con el paso del tiempo.<\/p>\n\n\n\n<div style=\"height:15px\" aria-hidden=\"true\" class=\"wp-block-spacer\"><\/div>\n\n\n\n<figure class=\"wp-block-embed is-type-video is-provider-youtube wp-block-embed-youtube wp-embed-aspect-4-3 wp-has-aspect-ratio\"><div class=\"wp-block-embed__wrapper\">\n<iframe title=\"ATE, el especialista del drenaje en cualquier situaci\u00f3n\" width=\"500\" height=\"375\" src=\"https:\/\/www.youtube.com\/embed\/BCTbAdr9vDQ?feature=oembed\" frameborder=\"0\" allow=\"accelerometer; autoplay; clipboard-write; encrypted-media; gyroscope; picture-in-picture; web-share\" referrerpolicy=\"strict-origin-when-cross-origin\" allowfullscreen><\/iframe>\n<\/div><\/figure>\n\n\n\n<div style=\"height:30px\" aria-hidden=\"true\" class=\"wp-block-spacer\"><\/div>\n","protected":false},"excerpt":{"rendered":"<p>Drenaje \u00bf Qu\u00e9 es un drenaje&nbsp;? En agricultura, dentro del \u00e1mbito de la construcci\u00f3n o incluso para los suelos deportivos o espacios verdes, el drenaje es una operaci\u00f3n que consiste en evacuar las aguas presentes en exceso en el suelo tras las precipitaciones. Es muy importante escoger el producto adecuado en funci\u00f3n del \u00e1mbito de [&hellip;]<\/p>\n","protected":false},"author":1,"featured_media":0,"parent":0,"menu_order":0,"comment_status":"closed","ping_status":"closed","template":"","meta":{"_acf_changed":false,"footnotes":""},"class_list":["post-2502","page","type-page","status-publish","hentry"],"acf":[],"yoast_head":"<!-- This site is optimized with the Yoast SEO plugin v27.5 - https:\/\/yoast.com\/product\/yoast-seo-wordpress\/ -->\n<title>Drenaje - ATE Drainage<\/title>\n<meta name=\"robots\" content=\"noindex, nofollow\" \/>\n<meta property=\"og:locale\" content=\"es_ES\" \/>\n<meta property=\"og:type\" content=\"article\" \/>\n<meta property=\"og:title\" content=\"Drenaje - ATE Drainage\" \/>\n<meta property=\"og:description\" content=\"Drenaje \u00bf Qu\u00e9 es un drenaje&nbsp;? En agricultura, dentro del \u00e1mbito de la construcci\u00f3n o incluso para los suelos deportivos o espacios verdes, el drenaje es una operaci\u00f3n que consiste en evacuar las aguas presentes en exceso en el suelo tras las precipitaciones. Es muy importante escoger el producto adecuado en funci\u00f3n del \u00e1mbito de [&hellip;]\" \/>\n<meta property=\"og:url\" content=\"https:\/\/www.ate-drainage.com\/es\/drenaje\/\" \/>\n<meta property=\"og:site_name\" content=\"ATE Drainage\" \/>\n<meta property=\"article:modified_time\" content=\"2024-08-02T12:58:02+00:00\" \/>\n<meta property=\"og:image\" content=\"https:\/\/www.ate-drainage.com\/wp-content\/uploads\/2023\/07\/ate-drainage-683x1024-web.jpg\" \/>\n<meta name=\"twitter:card\" content=\"summary_large_image\" \/>\n<meta name=\"twitter:label1\" content=\"Tiempo de lectura\" \/>\n\t<meta name=\"twitter:data1\" content=\"2 minutos\" \/>\n<script type=\"application\/ld+json\" class=\"yoast-schema-graph\">{\"@context\":\"https:\\\/\\\/schema.org\",\"@graph\":[{\"@type\":\"WebPage\",\"@id\":\"https:\\\/\\\/www.ate-drainage.com\\\/es\\\/drenaje\\\/\",\"url\":\"https:\\\/\\\/www.ate-drainage.com\\\/es\\\/drenaje\\\/\",\"name\":\"Drenaje - ATE Drainage\",\"isPartOf\":{\"@id\":\"https:\\\/\\\/www.ate-drainage.com\\\/es\\\/#website\"},\"primaryImageOfPage\":{\"@id\":\"https:\\\/\\\/www.ate-drainage.com\\\/es\\\/drenaje\\\/#primaryimage\"},\"image\":{\"@id\":\"https:\\\/\\\/www.ate-drainage.com\\\/es\\\/drenaje\\\/#primaryimage\"},\"thumbnailUrl\":\"https:\\\/\\\/www.ate-drainage.com\\\/wp-content\\\/uploads\\\/2023\\\/07\\\/ate-drainage-683x1024-web.jpg\",\"datePublished\":\"2023-07-27T12:58:34+00:00\",\"dateModified\":\"2024-08-02T12:58:02+00:00\",\"breadcrumb\":{\"@id\":\"https:\\\/\\\/www.ate-drainage.com\\\/es\\\/drenaje\\\/#breadcrumb\"},\"inLanguage\":\"es\",\"potentialAction\":[{\"@type\":\"ReadAction\",\"target\":[\"https:\\\/\\\/www.ate-drainage.com\\\/es\\\/drenaje\\\/\"]}]},{\"@type\":\"ImageObject\",\"inLanguage\":\"es\",\"@id\":\"https:\\\/\\\/www.ate-drainage.com\\\/es\\\/drenaje\\\/#primaryimage\",\"url\":\"https:\\\/\\\/www.ate-drainage.com\\\/wp-content\\\/uploads\\\/2023\\\/07\\\/ate-drainage-683x1024-web.jpg\",\"contentUrl\":\"https:\\\/\\\/www.ate-drainage.com\\\/wp-content\\\/uploads\\\/2023\\\/07\\\/ate-drainage-683x1024-web.jpg\"},{\"@type\":\"BreadcrumbList\",\"@id\":\"https:\\\/\\\/www.ate-drainage.com\\\/es\\\/drenaje\\\/#breadcrumb\",\"itemListElement\":[{\"@type\":\"ListItem\",\"position\":1,\"name\":\"P\u00e1gina de inicio\",\"item\":\"https:\\\/\\\/www.ate-drainage.com\\\/es\\\/\"},{\"@type\":\"ListItem\",\"position\":2,\"name\":\"Drenaje\"}]},{\"@type\":\"WebSite\",\"@id\":\"https:\\\/\\\/www.ate-drainage.com\\\/es\\\/#website\",\"url\":\"https:\\\/\\\/www.ate-drainage.com\\\/es\\\/\",\"name\":\"ATE DRAINAGE\",\"description\":\"Drenaje, infiltraci\u00f3n y gesti\u00f3n de aguas pluviales\",\"publisher\":{\"@id\":\"https:\\\/\\\/www.ate-drainage.com\\\/es\\\/#organization\"},\"alternateName\":\"ATE DRAINAGE\",\"potentialAction\":[{\"@type\":\"SearchAction\",\"target\":{\"@type\":\"EntryPoint\",\"urlTemplate\":\"https:\\\/\\\/www.ate-drainage.com\\\/es\\\/?s={search_term_string}\"},\"query-input\":{\"@type\":\"PropertyValueSpecification\",\"valueRequired\":true,\"valueName\":\"search_term_string\"}}],\"inLanguage\":\"es\"},{\"@type\":\"Organization\",\"@id\":\"https:\\\/\\\/www.ate-drainage.com\\\/es\\\/#organization\",\"name\":\"ATE DRAINAGE\",\"alternateName\":\"ATE DRAINAGE\",\"url\":\"https:\\\/\\\/www.ate-drainage.com\\\/es\\\/\",\"logo\":{\"@type\":\"ImageObject\",\"inLanguage\":\"es\",\"@id\":\"https:\\\/\\\/www.ate-drainage.com\\\/es\\\/#\\\/schema\\\/logo\\\/image\\\/\",\"url\":\"https:\\\/\\\/www.ate-drainage.com\\\/wp-content\\\/uploads\\\/2023\\\/07\\\/logo-ate-drainage-1.svg\",\"contentUrl\":\"https:\\\/\\\/www.ate-drainage.com\\\/wp-content\\\/uploads\\\/2023\\\/07\\\/logo-ate-drainage-1.svg\",\"width\":172,\"height\":98,\"caption\":\"ATE DRAINAGE\"},\"image\":{\"@id\":\"https:\\\/\\\/www.ate-drainage.com\\\/es\\\/#\\\/schema\\\/logo\\\/image\\\/\"}}]}<\/script>\n<!-- \/ Yoast SEO plugin. -->","yoast_head_json":{"title":"Drenaje - ATE Drainage","robots":{"index":"noindex","follow":"nofollow"},"og_locale":"es_ES","og_type":"article","og_title":"Drenaje - ATE Drainage","og_description":"Drenaje \u00bf Qu\u00e9 es un drenaje&nbsp;? En agricultura, dentro del \u00e1mbito de la construcci\u00f3n o incluso para los suelos deportivos o espacios verdes, el drenaje es una operaci\u00f3n que consiste en evacuar las aguas presentes en exceso en el suelo tras las precipitaciones. Es muy importante escoger el producto adecuado en funci\u00f3n del \u00e1mbito de [&hellip;]","og_url":"https:\/\/www.ate-drainage.com\/es\/drenaje\/","og_site_name":"ATE Drainage","article_modified_time":"2024-08-02T12:58:02+00:00","og_image":[{"url":"https:\/\/www.ate-drainage.com\/wp-content\/uploads\/2023\/07\/ate-drainage-683x1024-web.jpg","type":"","width":"","height":""}],"twitter_card":"summary_large_image","twitter_misc":{"Tiempo de lectura":"2 minutos"},"schema":{"@context":"https:\/\/schema.org","@graph":[{"@type":"WebPage","@id":"https:\/\/www.ate-drainage.com\/es\/drenaje\/","url":"https:\/\/www.ate-drainage.com\/es\/drenaje\/","name":"Drenaje - ATE Drainage","isPartOf":{"@id":"https:\/\/www.ate-drainage.com\/es\/#website"},"primaryImageOfPage":{"@id":"https:\/\/www.ate-drainage.com\/es\/drenaje\/#primaryimage"},"image":{"@id":"https:\/\/www.ate-drainage.com\/es\/drenaje\/#primaryimage"},"thumbnailUrl":"https:\/\/www.ate-drainage.com\/wp-content\/uploads\/2023\/07\/ate-drainage-683x1024-web.jpg","datePublished":"2023-07-27T12:58:34+00:00","dateModified":"2024-08-02T12:58:02+00:00","breadcrumb":{"@id":"https:\/\/www.ate-drainage.com\/es\/drenaje\/#breadcrumb"},"inLanguage":"es","potentialAction":[{"@type":"ReadAction","target":["https:\/\/www.ate-drainage.com\/es\/drenaje\/"]}]},{"@type":"ImageObject","inLanguage":"es","@id":"https:\/\/www.ate-drainage.com\/es\/drenaje\/#primaryimage","url":"https:\/\/www.ate-drainage.com\/wp-content\/uploads\/2023\/07\/ate-drainage-683x1024-web.jpg","contentUrl":"https:\/\/www.ate-drainage.com\/wp-content\/uploads\/2023\/07\/ate-drainage-683x1024-web.jpg"},{"@type":"BreadcrumbList","@id":"https:\/\/www.ate-drainage.com\/es\/drenaje\/#breadcrumb","itemListElement":[{"@type":"ListItem","position":1,"name":"P\u00e1gina de inicio","item":"https:\/\/www.ate-drainage.com\/es\/"},{"@type":"ListItem","position":2,"name":"Drenaje"}]},{"@type":"WebSite","@id":"https:\/\/www.ate-drainage.com\/es\/#website","url":"https:\/\/www.ate-drainage.com\/es\/","name":"ATE DRAINAGE","description":"Drenaje, infiltraci\u00f3n y gesti\u00f3n de aguas pluviales","publisher":{"@id":"https:\/\/www.ate-drainage.com\/es\/#organization"},"alternateName":"ATE DRAINAGE","potentialAction":[{"@type":"SearchAction","target":{"@type":"EntryPoint","urlTemplate":"https:\/\/www.ate-drainage.com\/es\/?s={search_term_string}"},"query-input":{"@type":"PropertyValueSpecification","valueRequired":true,"valueName":"search_term_string"}}],"inLanguage":"es"},{"@type":"Organization","@id":"https:\/\/www.ate-drainage.com\/es\/#organization","name":"ATE DRAINAGE","alternateName":"ATE DRAINAGE","url":"https:\/\/www.ate-drainage.com\/es\/","logo":{"@type":"ImageObject","inLanguage":"es","@id":"https:\/\/www.ate-drainage.com\/es\/#\/schema\/logo\/image\/","url":"https:\/\/www.ate-drainage.com\/wp-content\/uploads\/2023\/07\/logo-ate-drainage-1.svg","contentUrl":"https:\/\/www.ate-drainage.com\/wp-content\/uploads\/2023\/07\/logo-ate-drainage-1.svg","width":172,"height":98,"caption":"ATE DRAINAGE"},"image":{"@id":"https:\/\/www.ate-drainage.com\/es\/#\/schema\/logo\/image\/"}}]}},"_links":{"self":[{"href":"https:\/\/www.ate-drainage.com\/es\/wp-json\/wp\/v2\/pages\/2502","targetHints":{"allow":["GET"]}}],"collection":[{"href":"https:\/\/www.ate-drainage.com\/es\/wp-json\/wp\/v2\/pages"}],"about":[{"href":"https:\/\/www.ate-drainage.com\/es\/wp-json\/wp\/v2\/types\/page"}],"author":[{"embeddable":true,"href":"https:\/\/www.ate-drainage.com\/es\/wp-json\/wp\/v2\/users\/1"}],"replies":[{"embeddable":true,"href":"https:\/\/www.ate-drainage.com\/es\/wp-json\/wp\/v2\/comments?post=2502"}],"version-history":[{"count":8,"href":"https:\/\/www.ate-drainage.com\/es\/wp-json\/wp\/v2\/pages\/2502\/revisions"}],"predecessor-version":[{"id":5915,"href":"https:\/\/www.ate-drainage.com\/es\/wp-json\/wp\/v2\/pages\/2502\/revisions\/5915"}],"wp:attachment":[{"href":"https:\/\/www.ate-drainage.com\/es\/wp-json\/wp\/v2\/media?parent=2502"}],"curies":[{"name":"wp","href":"https:\/\/api.w.org\/{rel}","templated":true}]}}