{"id":2508,"date":"2023-07-28T15:06:09","date_gmt":"2023-07-28T13:06:09","guid":{"rendered":"https:\/\/www.ate-drainage.com\/?page_id=2508"},"modified":"2024-07-15T15:20:48","modified_gmt":"2024-07-15T13:20:48","slug":"drenaje-de-carreteras-2","status":"publish","type":"page","link":"https:\/\/www.ate-drainage.com\/es\/drenaje-de-carreteras-2\/","title":{"rendered":"Drenaje de carreteras"},"content":{"rendered":"\n<div class=\"wp-block-columns are-vertically-aligned-center is-layout-flex wp-container-core-columns-is-layout-9d6595d7 wp-block-columns-is-layout-flex\">\n<div class=\"wp-block-column is-vertically-aligned-center is-layout-flow wp-block-column-is-layout-flow\">\n<figure class=\"wp-block-image size-full\"><img decoding=\"async\" width=\"440\" height=\"300\" src=\"https:\/\/www.ate-drainage.com\/wp-content\/uploads\/2023\/07\/Drainage-Routier-600-440x300-1.jpg\" alt=\"\" class=\"wp-image-778\" srcset=\"https:\/\/www.ate-drainage.com\/wp-content\/uploads\/2023\/07\/Drainage-Routier-600-440x300-1.jpg 440w, https:\/\/www.ate-drainage.com\/wp-content\/uploads\/2023\/07\/Drainage-Routier-600-440x300-1-300x205.jpg 300w\" sizes=\"(max-width: 440px) 100vw, 440px\" \/><\/figure>\n<\/div>\n\n\n\n<div class=\"wp-block-column is-vertically-aligned-center is-layout-flow wp-block-column-is-layout-flow\">\n<figure class=\"wp-block-image size-full is-resized\"><img decoding=\"async\" src=\"https:\/\/www.ate-drainage.com\/wp-content\/uploads\/2023\/07\/ATE_picto-Drainage-ROUTIER_563x563-tr.png\" alt=\"Picto drainage routier\" class=\"wp-image-2333\" width=\"100\" height=\"100\" srcset=\"https:\/\/www.ate-drainage.com\/wp-content\/uploads\/2023\/07\/ATE_picto-Drainage-ROUTIER_563x563-tr.png 563w, https:\/\/www.ate-drainage.com\/wp-content\/uploads\/2023\/07\/ATE_picto-Drainage-ROUTIER_563x563-tr-300x300.png 300w, https:\/\/www.ate-drainage.com\/wp-content\/uploads\/2023\/07\/ATE_picto-Drainage-ROUTIER_563x563-tr-150x150.png 150w\" sizes=\"(max-width: 100px) 100vw, 100px\" \/><\/figure>\n\n\n\n<h2 class=\"wp-block-heading\">DRENAJE DE CARRETERAS<\/h2>\n\n\n\n<p>Soluciones para la gesti\u00f3n de las aguas pluviales en el \u00e1mbito vial y de ingenier\u00eda civil.<\/p>\n\n\n\n<p>La durabilidad de una estructura vial o de ingenier\u00eda civil a menudo depende de un buen drenaje.<\/p>\n\n\n\n<p>La gama de drenaje de carreteras de ATE permite responder a esta problem\u00e1tica, adaptando el filtro al tipo de suelo y permitiendo una instalaci\u00f3n CON o SIN grava.<\/p>\n<\/div>\n<\/div>\n","protected":false},"excerpt":{"rendered":"<p>DRENAJE DE CARRETERAS Soluciones para la gesti\u00f3n de las aguas pluviales en el \u00e1mbito vial y de ingenier\u00eda civil. La durabilidad de una estructura vial o de ingenier\u00eda civil a menudo depende de un buen drenaje. La gama de drenaje de carreteras de ATE permite responder a esta problem\u00e1tica, adaptando el filtro al tipo de [&hellip;]<\/p>\n","protected":false},"author":1,"featured_media":0,"parent":0,"menu_order":0,"comment_status":"closed","ping_status":"closed","template":"","meta":{"_acf_changed":false,"footnotes":""},"class_list":["post-2508","page","type-page","status-publish","hentry"],"acf":[],"yoast_head":"<!-- This site is optimized with the Yoast SEO plugin v27.6 - https:\/\/yoast.com\/product\/yoast-seo-wordpress\/ -->\n<title>Drenaje de carreteras - ATE Drainage<\/title>\n<meta name=\"robots\" content=\"noindex, nofollow\" \/>\n<meta property=\"og:locale\" content=\"es_ES\" \/>\n<meta property=\"og:type\" content=\"article\" \/>\n<meta property=\"og:title\" content=\"Drenaje de carreteras - ATE Drainage\" \/>\n<meta property=\"og:description\" content=\"DRENAJE DE CARRETERAS Soluciones para la gesti\u00f3n de las aguas pluviales en el \u00e1mbito vial y de ingenier\u00eda civil. La durabilidad de una estructura vial o de ingenier\u00eda civil a menudo depende de un buen drenaje. La gama de drenaje de carreteras de ATE permite responder a esta problem\u00e1tica, adaptando el filtro al tipo de [&hellip;]\" \/>\n<meta property=\"og:url\" content=\"https:\/\/www.ate-drainage.com\/es\/drenaje-de-carreteras-2\/\" \/>\n<meta property=\"og:site_name\" content=\"ATE Drainage\" \/>\n<meta property=\"article:modified_time\" content=\"2024-07-15T13:20:48+00:00\" \/>\n<meta property=\"og:image\" content=\"https:\/\/www.ate-drainage.com\/wp-content\/uploads\/2023\/07\/Drainage-Routier-600-440x300-1.jpg\" \/>\n<meta name=\"twitter:card\" content=\"summary_large_image\" \/>\n<meta name=\"twitter:label1\" content=\"Tiempo de lectura\" \/>\n\t<meta name=\"twitter:data1\" content=\"1 minuto\" \/>\n<!-- \/ Yoast SEO plugin. -->","yoast_head_json":{"title":"Drenaje de carreteras - ATE Drainage","robots":{"index":"noindex","follow":"nofollow"},"og_locale":"es_ES","og_type":"article","og_title":"Drenaje de carreteras - ATE Drainage","og_description":"DRENAJE DE CARRETERAS Soluciones para la gesti\u00f3n de las aguas pluviales en el \u00e1mbito vial y de ingenier\u00eda civil. La durabilidad de una estructura vial o de ingenier\u00eda civil a menudo depende de un buen drenaje. La gama de drenaje de carreteras de ATE permite responder a esta problem\u00e1tica, adaptando el filtro al tipo de [&hellip;]","og_url":"https:\/\/www.ate-drainage.com\/es\/drenaje-de-carreteras-2\/","og_site_name":"ATE Drainage","article_modified_time":"2024-07-15T13:20:48+00:00","og_image":[{"url":"https:\/\/www.ate-drainage.com\/wp-content\/uploads\/2023\/07\/Drainage-Routier-600-440x300-1.jpg","type":"","width":"","height":""}],"twitter_card":"summary_large_image","twitter_misc":{"Tiempo de lectura":"1 minuto"},"schema":{"@context":"https:\/\/schema.org","@graph":[{"@type":"WebPage","@id":"https:\/\/www.ate-drainage.com\/es\/drenaje-de-carreteras-2\/","url":"https:\/\/www.ate-drainage.com\/es\/drenaje-de-carreteras-2\/","name":"Drenaje de carreteras - ATE Drainage","isPartOf":{"@id":"https:\/\/www.ate-drainage.com\/es\/#website"},"primaryImageOfPage":{"@id":"https:\/\/www.ate-drainage.com\/es\/drenaje-de-carreteras-2\/#primaryimage"},"image":{"@id":"https:\/\/www.ate-drainage.com\/es\/drenaje-de-carreteras-2\/#primaryimage"},"thumbnailUrl":"https:\/\/www.ate-drainage.com\/wp-content\/uploads\/2023\/07\/Drainage-Routier-600-440x300-1.jpg","datePublished":"2023-07-28T13:06:09+00:00","dateModified":"2024-07-15T13:20:48+00:00","breadcrumb":{"@id":"https:\/\/www.ate-drainage.com\/es\/drenaje-de-carreteras-2\/#breadcrumb"},"inLanguage":"es","potentialAction":[{"@type":"ReadAction","target":["https:\/\/www.ate-drainage.com\/es\/drenaje-de-carreteras-2\/"]}]},{"@type":"ImageObject","inLanguage":"es","@id":"https:\/\/www.ate-drainage.com\/es\/drenaje-de-carreteras-2\/#primaryimage","url":"https:\/\/www.ate-drainage.com\/wp-content\/uploads\/2023\/07\/Drainage-Routier-600-440x300-1.jpg","contentUrl":"https:\/\/www.ate-drainage.com\/wp-content\/uploads\/2023\/07\/Drainage-Routier-600-440x300-1.jpg"},{"@type":"BreadcrumbList","@id":"https:\/\/www.ate-drainage.com\/es\/drenaje-de-carreteras-2\/#breadcrumb","itemListElement":[{"@type":"ListItem","position":1,"name":"P\u00e1gina de inicio","item":"https:\/\/www.ate-drainage.com\/es\/"},{"@type":"ListItem","position":2,"name":"Drenaje de carreteras"}]},{"@type":"WebSite","@id":"https:\/\/www.ate-drainage.com\/es\/#website","url":"https:\/\/www.ate-drainage.com\/es\/","name":"ATE DRAINAGE","description":"Drenaje, infiltraci\u00f3n y gesti\u00f3n de aguas pluviales","publisher":{"@id":"https:\/\/www.ate-drainage.com\/es\/#organization"},"alternateName":"ATE DRAINAGE","potentialAction":[{"@type":"SearchAction","target":{"@type":"EntryPoint","urlTemplate":"https:\/\/www.ate-drainage.com\/es\/?s={search_term_string}"},"query-input":{"@type":"PropertyValueSpecification","valueRequired":true,"valueName":"search_term_string"}}],"inLanguage":"es"},{"@type":"Organization","@id":"https:\/\/www.ate-drainage.com\/es\/#organization","name":"ATE DRAINAGE","alternateName":"ATE DRAINAGE","url":"https:\/\/www.ate-drainage.com\/es\/","logo":{"@type":"ImageObject","inLanguage":"es","@id":"https:\/\/www.ate-drainage.com\/es\/#\/schema\/logo\/image\/","url":"https:\/\/www.ate-drainage.com\/wp-content\/uploads\/2023\/07\/logo-ate-drainage-1.svg","contentUrl":"https:\/\/www.ate-drainage.com\/wp-content\/uploads\/2023\/07\/logo-ate-drainage-1.svg","width":172,"height":98,"caption":"ATE DRAINAGE"},"image":{"@id":"https:\/\/www.ate-drainage.com\/es\/#\/schema\/logo\/image\/"}}]}},"_links":{"self":[{"href":"https:\/\/www.ate-drainage.com\/es\/wp-json\/wp\/v2\/pages\/2508","targetHints":{"allow":["GET"]}}],"collection":[{"href":"https:\/\/www.ate-drainage.com\/es\/wp-json\/wp\/v2\/pages"}],"about":[{"href":"https:\/\/www.ate-drainage.com\/es\/wp-json\/wp\/v2\/types\/page"}],"author":[{"embeddable":true,"href":"https:\/\/www.ate-drainage.com\/es\/wp-json\/wp\/v2\/users\/1"}],"replies":[{"embeddable":true,"href":"https:\/\/www.ate-drainage.com\/es\/wp-json\/wp\/v2\/comments?post=2508"}],"version-history":[{"count":4,"href":"https:\/\/www.ate-drainage.com\/es\/wp-json\/wp\/v2\/pages\/2508\/revisions"}],"predecessor-version":[{"id":3769,"href":"https:\/\/www.ate-drainage.com\/es\/wp-json\/wp\/v2\/pages\/2508\/revisions\/3769"}],"wp:attachment":[{"href":"https:\/\/www.ate-drainage.com\/es\/wp-json\/wp\/v2\/media?parent=2508"}],"curies":[{"name":"wp","href":"https:\/\/api.w.org\/{rel}","templated":true}]}}