{"id":2546,"date":"2023-07-27T15:23:08","date_gmt":"2023-07-27T13:23:08","guid":{"rendered":"https:\/\/www.ate-drainage.com\/?page_id=2546"},"modified":"2023-08-08T16:00:42","modified_gmt":"2023-08-08T14:00:42","slug":"evacuacion-de-las-aguas-en-el-exterior-de-los-edificios","status":"publish","type":"page","link":"https:\/\/www.ate-drainage.com\/es\/evacuacion-de-las-aguas-en-el-exterior-de-los-edificios\/","title":{"rendered":"Evacuaci\u00f3n de las aguas en el exterior de los edificios"},"content":{"rendered":"\n<div class=\"wp-block-columns are-vertically-aligned-center is-layout-flex wp-container-core-columns-is-layout-9d6595d7 wp-block-columns-is-layout-flex\">\n<div class=\"wp-block-column is-vertically-aligned-center is-layout-flow wp-block-column-is-layout-flow\" style=\"flex-basis:50%\">\n<figure class=\"wp-block-image size-full\"><img decoding=\"async\" width=\"680\" height=\"400\" src=\"https:\/\/www.ate-drainage.com\/wp-content\/uploads\/2023\/07\/Tube_renforce_SANCOL_a_joint_chantier2.jpg\" alt=\"\" class=\"wp-image-3497\" srcset=\"https:\/\/www.ate-drainage.com\/wp-content\/uploads\/2023\/07\/Tube_renforce_SANCOL_a_joint_chantier2.jpg 680w, https:\/\/www.ate-drainage.com\/wp-content\/uploads\/2023\/07\/Tube_renforce_SANCOL_a_joint_chantier2-300x176.jpg 300w\" sizes=\"(max-width: 680px) 100vw, 680px\" \/><\/figure>\n<\/div>\n\n\n\n<div class=\"wp-block-column is-vertically-aligned-center is-layout-flow wp-block-column-is-layout-flow\" style=\"flex-basis:50%\">\n<figure class=\"wp-block-image is-resized\"><img decoding=\"async\" src=\"https:\/\/www.ate-drainage.com\/wp-content\/uploads\/2023\/07\/ATE_picto-Evacuation_563x563-tr.png\" alt=\"\" width=\"100\" height=\"100\"\/><\/figure>\n\n\n\n<h2 class=\"wp-block-heading\">Evacuaci\u00f3n exterior de edificios <\/h2>\n\n\n\n<p>Para el drenaje exterior de los edificios, es necesario elegir tuber\u00edas reforzadas que puedan soportar el peso del suelo y\/o el asentamiento natural del terreno. Otro punto esencial es la conexi\u00f3n de los tubos. Para limitar el riesgo de rotura, ATE recomienda el uso de juntas, que garantizan un alto nivel de estanqueidad y permiten que los tubos se muevan con el terreno. Una soluci\u00f3n preferible al encolado. Una red de tuber\u00edas s\u00f3lida y continua es vital para la calidad de la evacuaci\u00f3n de las aguas pluviales y residuales de una vivienda.<\/p>\n<\/div>\n<\/div>\n\n\n\n<h2 class=\"wp-block-heading\">C\u00f3mo funcionan los sistemas de saneamiento<\/h2>\n\n\n\n<p>El saneamiento exterior abarca todas las instalaciones de saneamiento, tanto para la evacuaci\u00f3n de las aguas pluviales como para la eliminaci\u00f3n de las aguas residuales generadas por el hogar. Estas aguas residuales dom\u00e9sticas se dividen en dos categor\u00edas: las aguas negras de los inodoros y las denominadas aguas dom\u00e9sticas, que incluyen el agua de cocinar, ducharse, limpiar, etc. Estas aguas deben recogerse y enviarse a la red p\u00fablica para su tratamiento en una estructura espec\u00edfica, como una planta de tratamiento de aguas residuales.<\/p>\n\n\n\n<p>La normativa sanitaria local especifica las condiciones y obligaciones de los residentes en materia de recogida y eliminaci\u00f3n de aguas pluviales. En general, el propietario de una casa es responsable de recoger el agua de lluvia a trav\u00e9s de una red de canalones desde el tejado hasta una arqueta. En esta \u00abcaja\u00bb de recogida se instala un sistema de evacuaci\u00f3n de aguas pluviales. Dependiendo del municipio, las aguas pluviales se canalizan despu\u00e9s hacia la red colectiva o se tratan directamente en la parcela.<\/p>\n\n\n\n<h2 class=\"wp-block-heading\">Elegir tuber\u00edas dise\u00f1adas para uso exterior<\/h2>\n\n\n\n<p>Transportar las aguas residuales hasta la red p\u00fablica de alcantarillado puede suponer tender entre 5 y m\u00e1s de 50 metros de tuber\u00eda. Lo mismo ocurre con la conexi\u00f3n de las aguas pluviales a la red p\u00fablica o a una depuradora individual situada en la parcela, lejos de los edificios. Tanto para la evacuaci\u00f3n de aguas pluviales como de aguas residuales, la elecci\u00f3n del tipo de tuber\u00edas utilizadas para conducir el agua es esencial.<\/p>\n\n\n\n<p>Como la red de tuber\u00edas est\u00e1 enterrada, es esencial optar por tuber\u00edas especialmente dise\u00f1adas para uso exterior. Estas tuber\u00edas no son resistentes al fuego como las tuber\u00edas interiores (norma NF Me), que est\u00e1n dise\u00f1adas para frenar el avance de las llamas. En cambio, se han desarrollado para soportar el peso del suelo desde una profundidad de 40 cent\u00edmetros hasta 8 metros. Se caracterizan por su resistencia mec\u00e1nica al aplastamiento constante. Clasificados SN4 o SN8 seg\u00fan su nivel de resistencia mec\u00e1nica, estos tubos reforzados son extremadamente duraderos.<\/p>\n\n\n\n<h2 class=\"wp-block-heading\">Uniones de tuber\u00edas: Utilice uniones en lugar de adhesivos<\/h2>\n\n\n\n<p>Para garantizar un drenaje \u00f3ptimo de los edificios desde el exterior y asegurar la durabilidad de su sistema de alcantarillado, debe elegir tuber\u00edas reforzadas. Otro punto que no hay que pasar por alto es la uni\u00f3n entre las distintas tuber\u00edas. A veces, las tuber\u00edas se unen mediante encolado. Sin embargo, las temperaturas inferiores a 5 grados y la lluvia pueden poner en peligro la uni\u00f3n. El pegamento crea rigidez, lo que puede provocar la rotura de la red como consecuencia de los movimientos naturales del terreno.<\/p>\n\n\n\n<p>Para evitar los inconvenientes de la t\u00e9cnica del encolado, ATE ha desarrollado un sistema de uni\u00f3n de di\u00e1metro 100 (tubos y accesorios). Con este principio, ya no es necesario el encolado, basta con utilizar la gama Sancol di\u00e1metro 100, en la que la junta ya est\u00e1 integrada en la ranura del tubo o accesorio. A diferencia del pegamento, que vuelve r\u00edgidas las tuber\u00edas en el punto de conexi\u00f3n, el grosor de la junta absorbe los movimientos del terreno y garantiza la estanqueidad de la instalaci\u00f3n.<\/p>\n","protected":false},"excerpt":{"rendered":"<p>Evacuaci\u00f3n exterior de edificios Para el drenaje exterior de los edificios, es necesario elegir tuber\u00edas reforzadas que puedan soportar el peso del suelo y\/o el asentamiento natural del terreno. Otro punto esencial es la conexi\u00f3n de los tubos. Para limitar el riesgo de rotura, ATE recomienda el uso de juntas, que garantizan un alto nivel [&hellip;]<\/p>\n","protected":false},"author":1,"featured_media":0,"parent":0,"menu_order":0,"comment_status":"closed","ping_status":"closed","template":"","meta":{"_acf_changed":false,"footnotes":""},"class_list":["post-2546","page","type-page","status-publish","hentry"],"acf":[],"yoast_head":"<!-- This site is optimized with the Yoast SEO plugin v27.5 - https:\/\/yoast.com\/product\/yoast-seo-wordpress\/ -->\n<title>Evacuaci\u00f3n de las aguas en el exterior de los edificios - ATE Drainage<\/title>\n<meta name=\"robots\" content=\"noindex, nofollow\" \/>\n<meta property=\"og:locale\" content=\"es_ES\" \/>\n<meta property=\"og:type\" content=\"article\" \/>\n<meta property=\"og:title\" content=\"Evacuaci\u00f3n de las aguas en el exterior de los edificios - ATE Drainage\" \/>\n<meta property=\"og:description\" content=\"Evacuaci\u00f3n exterior de edificios Para el drenaje exterior de los edificios, es necesario elegir tuber\u00edas reforzadas que puedan soportar el peso del suelo y\/o el asentamiento natural del terreno. Otro punto esencial es la conexi\u00f3n de los tubos. Para limitar el riesgo de rotura, ATE recomienda el uso de juntas, que garantizan un alto nivel [&hellip;]\" \/>\n<meta property=\"og:url\" content=\"https:\/\/www.ate-drainage.com\/es\/evacuacion-de-las-aguas-en-el-exterior-de-los-edificios\/\" \/>\n<meta property=\"og:site_name\" content=\"ATE Drainage\" \/>\n<meta property=\"article:modified_time\" content=\"2023-08-08T14:00:42+00:00\" \/>\n<meta property=\"og:image\" content=\"https:\/\/www.ate-drainage.com\/wp-content\/uploads\/2023\/07\/Tube_renforce_SANCOL_a_joint_chantier2.jpg\" \/>\n<meta name=\"twitter:card\" content=\"summary_large_image\" \/>\n<meta name=\"twitter:label1\" content=\"Tiempo de lectura\" \/>\n\t<meta name=\"twitter:data1\" content=\"4 minutos\" \/>\n<script type=\"application\/ld+json\" class=\"yoast-schema-graph\">{\"@context\":\"https:\\\/\\\/schema.org\",\"@graph\":[{\"@type\":\"WebPage\",\"@id\":\"https:\\\/\\\/www.ate-drainage.com\\\/es\\\/evacuacion-de-las-aguas-en-el-exterior-de-los-edificios\\\/\",\"url\":\"https:\\\/\\\/www.ate-drainage.com\\\/es\\\/evacuacion-de-las-aguas-en-el-exterior-de-los-edificios\\\/\",\"name\":\"Evacuaci\u00f3n de las aguas en el exterior de los edificios - ATE Drainage\",\"isPartOf\":{\"@id\":\"https:\\\/\\\/www.ate-drainage.com\\\/es\\\/#website\"},\"primaryImageOfPage\":{\"@id\":\"https:\\\/\\\/www.ate-drainage.com\\\/es\\\/evacuacion-de-las-aguas-en-el-exterior-de-los-edificios\\\/#primaryimage\"},\"image\":{\"@id\":\"https:\\\/\\\/www.ate-drainage.com\\\/es\\\/evacuacion-de-las-aguas-en-el-exterior-de-los-edificios\\\/#primaryimage\"},\"thumbnailUrl\":\"https:\\\/\\\/www.ate-drainage.com\\\/wp-content\\\/uploads\\\/2023\\\/07\\\/Tube_renforce_SANCOL_a_joint_chantier2.jpg\",\"datePublished\":\"2023-07-27T13:23:08+00:00\",\"dateModified\":\"2023-08-08T14:00:42+00:00\",\"breadcrumb\":{\"@id\":\"https:\\\/\\\/www.ate-drainage.com\\\/es\\\/evacuacion-de-las-aguas-en-el-exterior-de-los-edificios\\\/#breadcrumb\"},\"inLanguage\":\"es\",\"potentialAction\":[{\"@type\":\"ReadAction\",\"target\":[\"https:\\\/\\\/www.ate-drainage.com\\\/es\\\/evacuacion-de-las-aguas-en-el-exterior-de-los-edificios\\\/\"]}]},{\"@type\":\"ImageObject\",\"inLanguage\":\"es\",\"@id\":\"https:\\\/\\\/www.ate-drainage.com\\\/es\\\/evacuacion-de-las-aguas-en-el-exterior-de-los-edificios\\\/#primaryimage\",\"url\":\"https:\\\/\\\/www.ate-drainage.com\\\/wp-content\\\/uploads\\\/2023\\\/07\\\/Tube_renforce_SANCOL_a_joint_chantier2.jpg\",\"contentUrl\":\"https:\\\/\\\/www.ate-drainage.com\\\/wp-content\\\/uploads\\\/2023\\\/07\\\/Tube_renforce_SANCOL_a_joint_chantier2.jpg\"},{\"@type\":\"BreadcrumbList\",\"@id\":\"https:\\\/\\\/www.ate-drainage.com\\\/es\\\/evacuacion-de-las-aguas-en-el-exterior-de-los-edificios\\\/#breadcrumb\",\"itemListElement\":[{\"@type\":\"ListItem\",\"position\":1,\"name\":\"P\u00e1gina de inicio\",\"item\":\"https:\\\/\\\/www.ate-drainage.com\\\/es\\\/\"},{\"@type\":\"ListItem\",\"position\":2,\"name\":\"Evacuaci\u00f3n de las aguas en el exterior de los edificios\"}]},{\"@type\":\"WebSite\",\"@id\":\"https:\\\/\\\/www.ate-drainage.com\\\/es\\\/#website\",\"url\":\"https:\\\/\\\/www.ate-drainage.com\\\/es\\\/\",\"name\":\"ATE DRAINAGE\",\"description\":\"Drenaje, infiltraci\u00f3n y gesti\u00f3n de aguas pluviales\",\"publisher\":{\"@id\":\"https:\\\/\\\/www.ate-drainage.com\\\/es\\\/#organization\"},\"alternateName\":\"ATE DRAINAGE\",\"potentialAction\":[{\"@type\":\"SearchAction\",\"target\":{\"@type\":\"EntryPoint\",\"urlTemplate\":\"https:\\\/\\\/www.ate-drainage.com\\\/es\\\/?s={search_term_string}\"},\"query-input\":{\"@type\":\"PropertyValueSpecification\",\"valueRequired\":true,\"valueName\":\"search_term_string\"}}],\"inLanguage\":\"es\"},{\"@type\":\"Organization\",\"@id\":\"https:\\\/\\\/www.ate-drainage.com\\\/es\\\/#organization\",\"name\":\"ATE DRAINAGE\",\"alternateName\":\"ATE DRAINAGE\",\"url\":\"https:\\\/\\\/www.ate-drainage.com\\\/es\\\/\",\"logo\":{\"@type\":\"ImageObject\",\"inLanguage\":\"es\",\"@id\":\"https:\\\/\\\/www.ate-drainage.com\\\/es\\\/#\\\/schema\\\/logo\\\/image\\\/\",\"url\":\"https:\\\/\\\/www.ate-drainage.com\\\/wp-content\\\/uploads\\\/2023\\\/07\\\/logo-ate-drainage-1.svg\",\"contentUrl\":\"https:\\\/\\\/www.ate-drainage.com\\\/wp-content\\\/uploads\\\/2023\\\/07\\\/logo-ate-drainage-1.svg\",\"width\":172,\"height\":98,\"caption\":\"ATE DRAINAGE\"},\"image\":{\"@id\":\"https:\\\/\\\/www.ate-drainage.com\\\/es\\\/#\\\/schema\\\/logo\\\/image\\\/\"}}]}<\/script>\n<!-- \/ Yoast SEO plugin. -->","yoast_head_json":{"title":"Evacuaci\u00f3n de las aguas en el exterior de los edificios - ATE Drainage","robots":{"index":"noindex","follow":"nofollow"},"og_locale":"es_ES","og_type":"article","og_title":"Evacuaci\u00f3n de las aguas en el exterior de los edificios - ATE Drainage","og_description":"Evacuaci\u00f3n exterior de edificios Para el drenaje exterior de los edificios, es necesario elegir tuber\u00edas reforzadas que puedan soportar el peso del suelo y\/o el asentamiento natural del terreno. Otro punto esencial es la conexi\u00f3n de los tubos. Para limitar el riesgo de rotura, ATE recomienda el uso de juntas, que garantizan un alto nivel [&hellip;]","og_url":"https:\/\/www.ate-drainage.com\/es\/evacuacion-de-las-aguas-en-el-exterior-de-los-edificios\/","og_site_name":"ATE Drainage","article_modified_time":"2023-08-08T14:00:42+00:00","og_image":[{"url":"https:\/\/www.ate-drainage.com\/wp-content\/uploads\/2023\/07\/Tube_renforce_SANCOL_a_joint_chantier2.jpg","type":"","width":"","height":""}],"twitter_card":"summary_large_image","twitter_misc":{"Tiempo de lectura":"4 minutos"},"schema":{"@context":"https:\/\/schema.org","@graph":[{"@type":"WebPage","@id":"https:\/\/www.ate-drainage.com\/es\/evacuacion-de-las-aguas-en-el-exterior-de-los-edificios\/","url":"https:\/\/www.ate-drainage.com\/es\/evacuacion-de-las-aguas-en-el-exterior-de-los-edificios\/","name":"Evacuaci\u00f3n de las aguas en el exterior de los edificios - ATE Drainage","isPartOf":{"@id":"https:\/\/www.ate-drainage.com\/es\/#website"},"primaryImageOfPage":{"@id":"https:\/\/www.ate-drainage.com\/es\/evacuacion-de-las-aguas-en-el-exterior-de-los-edificios\/#primaryimage"},"image":{"@id":"https:\/\/www.ate-drainage.com\/es\/evacuacion-de-las-aguas-en-el-exterior-de-los-edificios\/#primaryimage"},"thumbnailUrl":"https:\/\/www.ate-drainage.com\/wp-content\/uploads\/2023\/07\/Tube_renforce_SANCOL_a_joint_chantier2.jpg","datePublished":"2023-07-27T13:23:08+00:00","dateModified":"2023-08-08T14:00:42+00:00","breadcrumb":{"@id":"https:\/\/www.ate-drainage.com\/es\/evacuacion-de-las-aguas-en-el-exterior-de-los-edificios\/#breadcrumb"},"inLanguage":"es","potentialAction":[{"@type":"ReadAction","target":["https:\/\/www.ate-drainage.com\/es\/evacuacion-de-las-aguas-en-el-exterior-de-los-edificios\/"]}]},{"@type":"ImageObject","inLanguage":"es","@id":"https:\/\/www.ate-drainage.com\/es\/evacuacion-de-las-aguas-en-el-exterior-de-los-edificios\/#primaryimage","url":"https:\/\/www.ate-drainage.com\/wp-content\/uploads\/2023\/07\/Tube_renforce_SANCOL_a_joint_chantier2.jpg","contentUrl":"https:\/\/www.ate-drainage.com\/wp-content\/uploads\/2023\/07\/Tube_renforce_SANCOL_a_joint_chantier2.jpg"},{"@type":"BreadcrumbList","@id":"https:\/\/www.ate-drainage.com\/es\/evacuacion-de-las-aguas-en-el-exterior-de-los-edificios\/#breadcrumb","itemListElement":[{"@type":"ListItem","position":1,"name":"P\u00e1gina de inicio","item":"https:\/\/www.ate-drainage.com\/es\/"},{"@type":"ListItem","position":2,"name":"Evacuaci\u00f3n de las aguas en el exterior de los edificios"}]},{"@type":"WebSite","@id":"https:\/\/www.ate-drainage.com\/es\/#website","url":"https:\/\/www.ate-drainage.com\/es\/","name":"ATE DRAINAGE","description":"Drenaje, infiltraci\u00f3n y gesti\u00f3n de aguas pluviales","publisher":{"@id":"https:\/\/www.ate-drainage.com\/es\/#organization"},"alternateName":"ATE DRAINAGE","potentialAction":[{"@type":"SearchAction","target":{"@type":"EntryPoint","urlTemplate":"https:\/\/www.ate-drainage.com\/es\/?s={search_term_string}"},"query-input":{"@type":"PropertyValueSpecification","valueRequired":true,"valueName":"search_term_string"}}],"inLanguage":"es"},{"@type":"Organization","@id":"https:\/\/www.ate-drainage.com\/es\/#organization","name":"ATE DRAINAGE","alternateName":"ATE DRAINAGE","url":"https:\/\/www.ate-drainage.com\/es\/","logo":{"@type":"ImageObject","inLanguage":"es","@id":"https:\/\/www.ate-drainage.com\/es\/#\/schema\/logo\/image\/","url":"https:\/\/www.ate-drainage.com\/wp-content\/uploads\/2023\/07\/logo-ate-drainage-1.svg","contentUrl":"https:\/\/www.ate-drainage.com\/wp-content\/uploads\/2023\/07\/logo-ate-drainage-1.svg","width":172,"height":98,"caption":"ATE DRAINAGE"},"image":{"@id":"https:\/\/www.ate-drainage.com\/es\/#\/schema\/logo\/image\/"}}]}},"_links":{"self":[{"href":"https:\/\/www.ate-drainage.com\/es\/wp-json\/wp\/v2\/pages\/2546","targetHints":{"allow":["GET"]}}],"collection":[{"href":"https:\/\/www.ate-drainage.com\/es\/wp-json\/wp\/v2\/pages"}],"about":[{"href":"https:\/\/www.ate-drainage.com\/es\/wp-json\/wp\/v2\/types\/page"}],"author":[{"embeddable":true,"href":"https:\/\/www.ate-drainage.com\/es\/wp-json\/wp\/v2\/users\/1"}],"replies":[{"embeddable":true,"href":"https:\/\/www.ate-drainage.com\/es\/wp-json\/wp\/v2\/comments?post=2546"}],"version-history":[{"count":2,"href":"https:\/\/www.ate-drainage.com\/es\/wp-json\/wp\/v2\/pages\/2546\/revisions"}],"predecessor-version":[{"id":3806,"href":"https:\/\/www.ate-drainage.com\/es\/wp-json\/wp\/v2\/pages\/2546\/revisions\/3806"}],"wp:attachment":[{"href":"https:\/\/www.ate-drainage.com\/es\/wp-json\/wp\/v2\/media?parent=2546"}],"curies":[{"name":"wp","href":"https:\/\/api.w.org\/{rel}","templated":true}]}}