{"id":2684,"date":"2023-07-28T10:22:45","date_gmt":"2023-07-28T08:22:45","guid":{"rendered":"https:\/\/www.ate-drainage.com\/?page_id=2684"},"modified":"2023-11-07T10:28:44","modified_gmt":"2023-11-07T09:28:44","slug":"acerca-de-nosotros","status":"publish","type":"page","link":"https:\/\/www.ate-drainage.com\/es\/acerca-de-nosotros\/","title":{"rendered":"Acerca de nosotros"},"content":{"rendered":"\n<p><strong>ATE es una PYME industrial francesa con sede en Ch\u00e2teau-Gontier, departamento de Mayenne, Francia. Dise\u00f1amos y fabricamos soluciones de materiales pl\u00e1sticos para la construcci\u00f3n, las obras p\u00fablicas, los espacios verdes, la agricultura y los terrenos deportivos.<\/strong><\/p>\n\n\n\n<div style=\"height:30px\" aria-hidden=\"true\" class=\"wp-block-spacer\"><\/div>\n\n\n\n<figure class=\"wp-block-image size-large\"><img decoding=\"async\" width=\"1024\" height=\"433\" src=\"https:\/\/www.ate-drainage.com\/wp-content\/uploads\/2023\/07\/a-propos-ATE-2000-x-846_V2-1024x433.jpg\" alt=\"\" class=\"wp-image-1259\" srcset=\"https:\/\/www.ate-drainage.com\/wp-content\/uploads\/2023\/07\/a-propos-ATE-2000-x-846_V2-1024x433.jpg 1024w, https:\/\/www.ate-drainage.com\/wp-content\/uploads\/2023\/07\/a-propos-ATE-2000-x-846_V2-300x127.jpg 300w, https:\/\/www.ate-drainage.com\/wp-content\/uploads\/2023\/07\/a-propos-ATE-2000-x-846_V2-768x325.jpg 768w, https:\/\/www.ate-drainage.com\/wp-content\/uploads\/2023\/07\/a-propos-ATE-2000-x-846_V2-1536x650.jpg 1536w, https:\/\/www.ate-drainage.com\/wp-content\/uploads\/2023\/07\/a-propos-ATE-2000-x-846_V2-1600x677.jpg 1600w, https:\/\/www.ate-drainage.com\/wp-content\/uploads\/2023\/07\/a-propos-ATE-2000-x-846_V2.jpg 2000w\" sizes=\"(max-width: 1024px) 100vw, 1024px\" \/><\/figure>\n\n\n\n<div style=\"height:40px\" aria-hidden=\"true\" class=\"wp-block-spacer\"><\/div>\n\n\n\n<h2 class=\"wp-block-heading\">NUESTROS \u00c1MBITOS DE CONOCIMIENTOS SON:<\/h2>\n\n\n\n<ul class=\"wp-block-list\">\n<li>El <strong>drenaje <\/strong>para la instalaci\u00f3n con o sin grava: agr\u00edcola, edificios, carreteras, terrenos deportivos.<\/li>\n\n\n\n<li>La <strong>gesti\u00f3n de las aguas<\/strong>: infiltraci\u00f3n y SNC.<\/li>\n\n\n\n<li>La evacuaci\u00f3n de las aguas de los edificios mediante conexi\u00f3n con junta o con manguito.<\/li>\n<\/ul>\n\n\n\n<div style=\"height:40px\" aria-hidden=\"true\" class=\"wp-block-spacer\"><\/div>\n\n\n\n<div class=\"wp-block-columns are-vertically-aligned-center is-layout-flex wp-container-core-columns-is-layout-9d6595d7 wp-block-columns-is-layout-flex\">\n<div class=\"wp-block-column is-vertically-aligned-center is-layout-flow wp-block-column-is-layout-flow\">\n<p class=\"has-blue-color has-text-color\"><strong>NUESTRA HERRAMIENTA DE PRODUCCI\u00d3N:<\/strong><\/p>\n\n\n\n<ul class=\"wp-block-list\">\n<li>L\u00edneas de extrusi\u00f3n para la fabricaci\u00f3n de tubos.<\/li>\n\n\n\n<li>L\u00edneas de corte.<\/li>\n\n\n\n<li>Prensas de inyecci\u00f3n.<\/li>\n\n\n\n<li>2 centros de producci\u00f3n con un total de casi 8.000 m\u00b2 cubiertos y 50.000 m\u00b2 de almacenamiento exterior.<\/li>\n<\/ul>\n<\/div>\n\n\n\n<div class=\"wp-block-column is-vertically-aligned-center is-layout-flow wp-block-column-is-layout-flow\">\n<figure class=\"wp-block-image size-full is-resized is-style-default\"><img decoding=\"async\" width=\"435\" height=\"571\" src=\"https:\/\/www.ate-drainage.com\/wp-content\/uploads\/2023\/07\/A_propos_de_ATE.jpg\" alt=\"\" class=\"wp-image-450\" style=\"width:326px;height:428px\" srcset=\"https:\/\/www.ate-drainage.com\/wp-content\/uploads\/2023\/07\/A_propos_de_ATE.jpg 435w, https:\/\/www.ate-drainage.com\/wp-content\/uploads\/2023\/07\/A_propos_de_ATE-229x300.jpg 229w\" sizes=\"(max-width: 435px) 100vw, 435px\" \/><\/figure>\n<\/div>\n\n\n\n<div class=\"wp-block-column is-vertically-aligned-center is-layout-flow wp-block-column-is-layout-flow\">\n<p class=\"has-blue-color has-text-color\"><strong>NUESTRAS VENTAJAS \u2013 NUESTROS VALORES<\/strong><\/p>\n\n\n\n<ul class=\"wp-block-list\">\n<li>Productos de calidad.<\/li>\n\n\n\n<li>Productos de fabricaci\u00f3n francesa.<\/li>\n\n\n\n<li>Un servicio comercial y log\u00edstico eficiente y din\u00e1mico.<\/li>\n\n\n\n<li>Una asistencia t\u00e9cnica.<\/li>\n<\/ul>\n<\/div>\n<\/div>\n\n\n\n<div style=\"height:50px\" aria-hidden=\"true\" class=\"wp-block-spacer\"><\/div>\n\n\n\n<div class=\"wp-block-columns is-layout-flex wp-container-core-columns-is-layout-9d6595d7 wp-block-columns-is-layout-flex\">\n<div class=\"wp-block-column is-layout-flow wp-block-column-is-layout-flow\" style=\"flex-basis:66.67%\">\n<h2 class=\"wp-block-heading has-text-align-right is-style-left-line\">La innovaci\u00f3n en el centro de nuestras preocupaciones<\/h2>\n\n\n\n<p class=\"has-text-align-right\">Las innovaciones de ATE Drainage son el fruto de expectativas concretas sobre el terreno y de la experiencia de nuestros ingenieros, siempre a la b\u00fasqueda de nuevos productos y nuevas t\u00e9cnicas. \u00bfNuestro objetivo? Ofrecer una gama de productos de alta calidad y soluciones a medida mediante un dise\u00f1o controlado, desde las pruebas iniciales hasta la comercializaci\u00f3n.<\/p>\n\n\n\n<p class=\"has-text-align-right\">La innovaci\u00f3n y la investigaci\u00f3n est\u00e1n en el centro de nuestro enfoque del dise\u00f1o de productos. Conscientes de los retos a los que se enfrenta todo dise\u00f1ador cuando se trata de la gesti\u00f3n y el tratamiento del agua, desarrollamos soluciones duraderas, s\u00f3lidas y sostenibles para minimizar su impacto en el medio ambiente.<\/p>\n<\/div>\n\n\n\n<div class=\"wp-block-column is-layout-flow wp-block-column-is-layout-flow\" style=\"flex-basis:33.33%\">\n<figure class=\"wp-block-image size-full is-resized\"><img decoding=\"async\" width=\"378\" height=\"377\" src=\"https:\/\/www.ate-drainage.com\/wp-content\/uploads\/2023\/07\/ATE_Expertise.jpg\" alt=\"\" class=\"wp-image-1538\" style=\"width:284px;height:283px\" srcset=\"https:\/\/www.ate-drainage.com\/wp-content\/uploads\/2023\/07\/ATE_Expertise.jpg 378w, https:\/\/www.ate-drainage.com\/wp-content\/uploads\/2023\/07\/ATE_Expertise-300x300.jpg 300w, https:\/\/www.ate-drainage.com\/wp-content\/uploads\/2023\/07\/ATE_Expertise-150x150.jpg 150w\" sizes=\"(max-width: 378px) 100vw, 378px\" \/><\/figure>\n<\/div>\n<\/div>\n\n\n\n<div style=\"height:30px\" aria-hidden=\"true\" class=\"wp-block-spacer\"><\/div>\n\n\n\n<div style=\"height:20px\" aria-hidden=\"true\" class=\"wp-block-spacer\"><\/div>\n\n\n\n<div class=\"wp-block-media-text alignwide has-media-on-the-right is-stacked-on-mobile is-vertically-aligned-center has-background\" style=\"background-color:#f1f5c7;grid-template-columns:auto 20%\"><div class=\"wp-block-media-text__content\">\n<div class=\"wp-block-group\" style=\"padding-top:2em;padding-right:2em;padding-bottom:2em;padding-left:2em\"><div class=\"wp-block-group__inner-container is-layout-flow wp-block-group-is-layout-flow\">\n<h2 class=\"wp-block-heading has-medium-font-size\">Compromiso con el dise\u00f1o ecol\u00f3gico<\/h2>\n\n\n\n<p>Comprometidos con el ecodise\u00f1o desde el principio, somos plenamente conscientes como industria de la necesidad de reducir el impacto de los pl\u00e1sticos y reciclar las materias primas. Para lograrlo, dise\u00f1amos y fabricamos productos cuyos materiales proceden, en la medida de lo posible, de la econom\u00eda circular.<\/p>\n\n\n\n<p>El enfoque de dise\u00f1o ecol\u00f3gico incluye el reciclaje del PVC para crear un c\u00edrculo virtuoso que ATE Drainage ha integrado en su proceso, sin comprometer la calidad de sus productos y soluciones.<\/p>\n\n\n\n<div class=\"wp-block-buttons is-layout-flex wp-block-buttons-is-layout-flex\">\n<div class=\"wp-block-button is-style-tertiary\"><a class=\"wp-block-button__link wp-element-button\" href=\"https:\/\/www.ate-drainage.com\/es\/eco-diseno\/\">Saber m\u00e1s<\/a><\/div>\n<\/div>\n<\/div><\/div>\n<\/div><figure class=\"wp-block-media-text__media\"><a href=\"https:\/\/www.ate-drainage.com\/eco-conception-et-recyclage-de-pvc\/\"><img decoding=\"async\" width=\"300\" height=\"300\" src=\"https:\/\/www.ate-drainage.com\/wp-content\/uploads\/2023\/07\/ATE_eco_conception.jpg\" alt=\"\" class=\"wp-image-1362 size-full\" srcset=\"https:\/\/www.ate-drainage.com\/wp-content\/uploads\/2023\/07\/ATE_eco_conception.jpg 300w, https:\/\/www.ate-drainage.com\/wp-content\/uploads\/2023\/07\/ATE_eco_conception-150x150.jpg 150w\" sizes=\"(max-width: 300px) 100vw, 300px\" \/><\/a><\/figure><\/div>\n\n\n\n<div style=\"height:50px\" aria-hidden=\"true\" class=\"wp-block-spacer\"><\/div>\n\n\n\n<h2 class=\"wp-block-heading has-text-align-left is-style-right-line\">Dise\u00f1o, fabricaci\u00f3n y transporte<\/h2>\n\n\n\n<p class=\"has-text-align-left\">ATE drainage es un equipo totalmente dedicado a la asistencia y satisfacci\u00f3n del cliente. Nuestras prioridades incluyen la formaci\u00f3n, el montaje y la preparaci\u00f3n de productos de calidad para satisfacer sus necesidades:<\/p>\n\n\n\n<ul class=\"wp-block-list\">\n<li>R\u00e1pido de dise\u00f1ar y encargar.<\/li>\n\n\n\n<li>Preparaci\u00f3n, seguimiento y entrega de productos.<\/li>\n<\/ul>\n\n\n\n<div style=\"height:20px\" aria-hidden=\"true\" class=\"wp-block-spacer\"><\/div>\n\n\n\n<div style=\"height:50px\" aria-hidden=\"true\" class=\"wp-block-spacer\"><\/div>\n\n\n\n<div class=\"wp-block-media-text alignwide has-media-on-the-right is-stacked-on-mobile is-vertically-aligned-center has-background\" style=\"background-color:#dfecf7;grid-template-columns:auto 21%\"><div class=\"wp-block-media-text__content\">\n<div class=\"wp-block-group\" style=\"padding-top:2em;padding-right:2em;padding-bottom:2em;padding-left:2em\"><div class=\"wp-block-group__inner-container is-layout-flow wp-block-group-is-layout-flow\">\n<h2 class=\"wp-block-heading has-medium-font-size\">Dise\u00f1o franc\u00e9s<\/h2>\n\n\n\n<p>Como dise\u00f1ador y fabricante franc\u00e9s de soluciones de drenaje, evacuaci\u00f3n, infiltraci\u00f3n y gesti\u00f3n de aguas pluviales, ATE Drainage pone toda su experiencia al servicio de la calidad. Esta calidad se refleja en nuestros productos, que proceden de nuestras f\u00e1bricas de Ch\u00e2teau-Gontier, en la regi\u00f3n francesa de Mayenne, prueba de nuestro compromiso con la producci\u00f3n local y la alta calidad de nuestros productos.<\/p>\n\n\n\n<div class=\"wp-block-buttons is-layout-flex wp-block-buttons-is-layout-flex\">\n<div class=\"wp-block-button is-style-tertiary\"><a class=\"wp-block-button__link wp-element-button\" href=\"https:\/\/www.ate-drainage.com\/es\/ate-una-empresa-francesa-con-valores-sociales-y-medioambientales\/\">Saber m\u00e1s<\/a><\/div>\n<\/div>\n<\/div><\/div>\n<\/div><figure class=\"wp-block-media-text__media\"><a href=\"https:\/\/www.ate-drainage.com\/eco-conception-et-recyclage-de-pvc\/\"><img decoding=\"async\" width=\"850\" height=\"850\" src=\"https:\/\/www.ate-drainage.com\/wp-content\/uploads\/2023\/07\/LOGO_ATE_fabrication_francaise.png\" alt=\"\" class=\"wp-image-1512 size-full\" srcset=\"https:\/\/www.ate-drainage.com\/wp-content\/uploads\/2023\/07\/LOGO_ATE_fabrication_francaise.png 850w, https:\/\/www.ate-drainage.com\/wp-content\/uploads\/2023\/07\/LOGO_ATE_fabrication_francaise-300x300.png 300w, https:\/\/www.ate-drainage.com\/wp-content\/uploads\/2023\/07\/LOGO_ATE_fabrication_francaise-150x150.png 150w, https:\/\/www.ate-drainage.com\/wp-content\/uploads\/2023\/07\/LOGO_ATE_fabrication_francaise-768x768.png 768w\" sizes=\"(max-width: 850px) 100vw, 850px\" \/><\/a><\/figure><\/div>\n\n\n\n<div style=\"height:50px\" aria-hidden=\"true\" class=\"wp-block-spacer\"><\/div>\n\n\n\n<div class=\"wp-block-columns is-layout-flex wp-container-core-columns-is-layout-9d6595d7 wp-block-columns-is-layout-flex\">\n<div class=\"wp-block-column is-layout-flow wp-block-column-is-layout-flow\" style=\"flex-basis:66.67%\">\n<h2 class=\"wp-block-heading has-text-align-right is-style-right-line\">El bienestar de nuestros equipos<\/h2>\n\n\n\n<p class=\"has-text-align-right\">La excelencia de nuestros productos no s\u00f3lo es fruto de nuestra experiencia, sino que tambi\u00e9n refleja el compromiso de todos nuestros equipos y empleados. Para ellos, creamos un entorno de trabajo humano y cercano en el que la escucha es primordial. Este compromiso con la calidad de vida en el trabajo no es m\u00e1s que el reflejo de los valores que nos impulsan cada d\u00eda: confianza, pericia, innovaci\u00f3n, lealtad y humanidad.<\/p>\n<\/div>\n\n\n\n<div class=\"wp-block-column is-layout-flow wp-block-column-is-layout-flow\" style=\"flex-basis:33.33%\">\n<figure class=\"wp-block-image size-full is-resized\"><img decoding=\"async\" width=\"854\" height=\"854\" src=\"https:\/\/www.ate-drainage.com\/wp-content\/uploads\/2023\/07\/ATE_Bienetre_equipes.jpg\" alt=\"\" class=\"wp-image-1535\" style=\"width:283px;height:283px\" srcset=\"https:\/\/www.ate-drainage.com\/wp-content\/uploads\/2023\/07\/ATE_Bienetre_equipes.jpg 854w, https:\/\/www.ate-drainage.com\/wp-content\/uploads\/2023\/07\/ATE_Bienetre_equipes-300x300.jpg 300w, https:\/\/www.ate-drainage.com\/wp-content\/uploads\/2023\/07\/ATE_Bienetre_equipes-150x150.jpg 150w, https:\/\/www.ate-drainage.com\/wp-content\/uploads\/2023\/07\/ATE_Bienetre_equipes-768x768.jpg 768w\" sizes=\"(max-width: 854px) 100vw, 854px\" \/><\/figure>\n<\/div>\n<\/div>\n\n\n\n<div style=\"height:30px\" aria-hidden=\"true\" class=\"wp-block-spacer\"><\/div>\n\n\n\n<div style=\"height:50px\" aria-hidden=\"true\" class=\"wp-block-spacer\"><\/div>\n","protected":false},"excerpt":{"rendered":"<p>ATE es una PYME industrial francesa con sede en Ch\u00e2teau-Gontier, departamento de Mayenne, Francia. Dise\u00f1amos y fabricamos soluciones de materiales pl\u00e1sticos para la construcci\u00f3n, las obras p\u00fablicas, los espacios verdes, la agricultura y los terrenos deportivos. NUESTROS \u00c1MBITOS DE CONOCIMIENTOS SON: NUESTRA HERRAMIENTA DE PRODUCCI\u00d3N: NUESTRAS VENTAJAS \u2013 NUESTROS VALORES La innovaci\u00f3n en el centro [&hellip;]<\/p>\n","protected":false},"author":1,"featured_media":0,"parent":0,"menu_order":0,"comment_status":"closed","ping_status":"closed","template":"","meta":{"_acf_changed":false,"footnotes":""},"class_list":["post-2684","page","type-page","status-publish","hentry"],"acf":[],"yoast_head":"<!-- This site is optimized with the Yoast SEO plugin v27.6 - https:\/\/yoast.com\/product\/yoast-seo-wordpress\/ -->\n<title>Acerca de nosotros - PYME industrial francesa - ATE Drainage<\/title>\n<meta name=\"description\" content=\"ATE es una PYME industrial francesa con sede en Ch\u00e2teau-Gontier, departamento de Mayenne, Francia. Nuestros \u00e1mbitos de conocimientos son el drenaje, La gesti\u00f3n de las aguas y la evacuaci\u00f3n de las aguas de los edificios.\" \/>\n<meta name=\"robots\" content=\"index, follow, max-snippet:-1, max-image-preview:large, max-video-preview:-1\" \/>\n<link rel=\"canonical\" href=\"https:\/\/www.ate-drainage.com\/es\/acerca-de-nosotros\/\" \/>\n<meta property=\"og:locale\" content=\"es_ES\" \/>\n<meta property=\"og:type\" content=\"article\" \/>\n<meta property=\"og:title\" content=\"Acerca de nosotros - PYME industrial francesa - ATE Drainage\" \/>\n<meta property=\"og:description\" content=\"ATE es una PYME industrial francesa con sede en Ch\u00e2teau-Gontier, departamento de Mayenne, Francia. Nuestros \u00e1mbitos de conocimientos son el drenaje, La gesti\u00f3n de las aguas y la evacuaci\u00f3n de las aguas de los edificios.\" \/>\n<meta property=\"og:url\" content=\"https:\/\/www.ate-drainage.com\/es\/acerca-de-nosotros\/\" \/>\n<meta property=\"og:site_name\" content=\"ATE Drainage\" \/>\n<meta property=\"article:modified_time\" content=\"2023-11-07T09:28:44+00:00\" \/>\n<meta property=\"og:image\" content=\"https:\/\/www.ate-drainage.com\/wp-content\/uploads\/2023\/07\/a-propos-ATE-2000-x-846_V2-1024x433.jpg\" \/>\n<meta name=\"twitter:card\" content=\"summary_large_image\" \/>\n<meta name=\"twitter:label1\" content=\"Tiempo de lectura\" \/>\n\t<meta name=\"twitter:data1\" content=\"4 minutos\" \/>\n<!-- \/ Yoast SEO plugin. -->","yoast_head_json":{"title":"Acerca de nosotros - PYME industrial francesa - ATE Drainage","description":"ATE es una PYME industrial francesa con sede en Ch\u00e2teau-Gontier, departamento de Mayenne, Francia. Nuestros \u00e1mbitos de conocimientos son el drenaje, La gesti\u00f3n de las aguas y la evacuaci\u00f3n de las aguas de los edificios.","robots":{"index":"index","follow":"follow","max-snippet":"max-snippet:-1","max-image-preview":"max-image-preview:large","max-video-preview":"max-video-preview:-1"},"canonical":"https:\/\/www.ate-drainage.com\/es\/acerca-de-nosotros\/","og_locale":"es_ES","og_type":"article","og_title":"Acerca de nosotros - PYME industrial francesa - ATE Drainage","og_description":"ATE es una PYME industrial francesa con sede en Ch\u00e2teau-Gontier, departamento de Mayenne, Francia. Nuestros \u00e1mbitos de conocimientos son el drenaje, La gesti\u00f3n de las aguas y la evacuaci\u00f3n de las aguas de los edificios.","og_url":"https:\/\/www.ate-drainage.com\/es\/acerca-de-nosotros\/","og_site_name":"ATE Drainage","article_modified_time":"2023-11-07T09:28:44+00:00","og_image":[{"url":"https:\/\/www.ate-drainage.com\/wp-content\/uploads\/2023\/07\/a-propos-ATE-2000-x-846_V2-1024x433.jpg","type":"","width":"","height":""}],"twitter_card":"summary_large_image","twitter_misc":{"Tiempo de lectura":"4 minutos"},"schema":{"@context":"https:\/\/schema.org","@graph":[{"@type":"WebPage","@id":"https:\/\/www.ate-drainage.com\/es\/acerca-de-nosotros\/","url":"https:\/\/www.ate-drainage.com\/es\/acerca-de-nosotros\/","name":"Acerca de nosotros - PYME industrial francesa - ATE Drainage","isPartOf":{"@id":"https:\/\/www.ate-drainage.com\/es\/#website"},"primaryImageOfPage":{"@id":"https:\/\/www.ate-drainage.com\/es\/acerca-de-nosotros\/#primaryimage"},"image":{"@id":"https:\/\/www.ate-drainage.com\/es\/acerca-de-nosotros\/#primaryimage"},"thumbnailUrl":"https:\/\/www.ate-drainage.com\/wp-content\/uploads\/2023\/07\/a-propos-ATE-2000-x-846_V2-1024x433.jpg","datePublished":"2023-07-28T08:22:45+00:00","dateModified":"2023-11-07T09:28:44+00:00","description":"ATE es una PYME industrial francesa con sede en Ch\u00e2teau-Gontier, departamento de Mayenne, Francia. Nuestros \u00e1mbitos de conocimientos son el drenaje, La gesti\u00f3n de las aguas y la evacuaci\u00f3n de las aguas de los edificios.","breadcrumb":{"@id":"https:\/\/www.ate-drainage.com\/es\/acerca-de-nosotros\/#breadcrumb"},"inLanguage":"es","potentialAction":[{"@type":"ReadAction","target":["https:\/\/www.ate-drainage.com\/es\/acerca-de-nosotros\/"]}]},{"@type":"ImageObject","inLanguage":"es","@id":"https:\/\/www.ate-drainage.com\/es\/acerca-de-nosotros\/#primaryimage","url":"https:\/\/www.ate-drainage.com\/wp-content\/uploads\/2023\/07\/a-propos-ATE-2000-x-846_V2-1024x433.jpg","contentUrl":"https:\/\/www.ate-drainage.com\/wp-content\/uploads\/2023\/07\/a-propos-ATE-2000-x-846_V2-1024x433.jpg"},{"@type":"BreadcrumbList","@id":"https:\/\/www.ate-drainage.com\/es\/acerca-de-nosotros\/#breadcrumb","itemListElement":[{"@type":"ListItem","position":1,"name":"P\u00e1gina de inicio","item":"https:\/\/www.ate-drainage.com\/es\/"},{"@type":"ListItem","position":2,"name":"Acerca de nosotros"}]},{"@type":"WebSite","@id":"https:\/\/www.ate-drainage.com\/es\/#website","url":"https:\/\/www.ate-drainage.com\/es\/","name":"ATE DRAINAGE","description":"Drenaje, infiltraci\u00f3n y gesti\u00f3n de aguas pluviales","publisher":{"@id":"https:\/\/www.ate-drainage.com\/es\/#organization"},"alternateName":"ATE DRAINAGE","potentialAction":[{"@type":"SearchAction","target":{"@type":"EntryPoint","urlTemplate":"https:\/\/www.ate-drainage.com\/es\/?s={search_term_string}"},"query-input":{"@type":"PropertyValueSpecification","valueRequired":true,"valueName":"search_term_string"}}],"inLanguage":"es"},{"@type":"Organization","@id":"https:\/\/www.ate-drainage.com\/es\/#organization","name":"ATE DRAINAGE","alternateName":"ATE DRAINAGE","url":"https:\/\/www.ate-drainage.com\/es\/","logo":{"@type":"ImageObject","inLanguage":"es","@id":"https:\/\/www.ate-drainage.com\/es\/#\/schema\/logo\/image\/","url":"https:\/\/www.ate-drainage.com\/wp-content\/uploads\/2023\/07\/logo-ate-drainage-1.svg","contentUrl":"https:\/\/www.ate-drainage.com\/wp-content\/uploads\/2023\/07\/logo-ate-drainage-1.svg","width":172,"height":98,"caption":"ATE DRAINAGE"},"image":{"@id":"https:\/\/www.ate-drainage.com\/es\/#\/schema\/logo\/image\/"}}]}},"_links":{"self":[{"href":"https:\/\/www.ate-drainage.com\/es\/wp-json\/wp\/v2\/pages\/2684","targetHints":{"allow":["GET"]}}],"collection":[{"href":"https:\/\/www.ate-drainage.com\/es\/wp-json\/wp\/v2\/pages"}],"about":[{"href":"https:\/\/www.ate-drainage.com\/es\/wp-json\/wp\/v2\/types\/page"}],"author":[{"embeddable":true,"href":"https:\/\/www.ate-drainage.com\/es\/wp-json\/wp\/v2\/users\/1"}],"replies":[{"embeddable":true,"href":"https:\/\/www.ate-drainage.com\/es\/wp-json\/wp\/v2\/comments?post=2684"}],"version-history":[{"count":5,"href":"https:\/\/www.ate-drainage.com\/es\/wp-json\/wp\/v2\/pages\/2684\/revisions"}],"predecessor-version":[{"id":4412,"href":"https:\/\/www.ate-drainage.com\/es\/wp-json\/wp\/v2\/pages\/2684\/revisions\/4412"}],"wp:attachment":[{"href":"https:\/\/www.ate-drainage.com\/es\/wp-json\/wp\/v2\/media?parent=2684"}],"curies":[{"name":"wp","href":"https:\/\/api.w.org\/{rel}","templated":true}]}}