{"id":2707,"date":"2023-07-28T10:37:30","date_gmt":"2023-07-28T08:37:30","guid":{"rendered":"https:\/\/www.ate-drainage.com\/?page_id=2707"},"modified":"2023-07-28T10:42:42","modified_gmt":"2023-07-28T08:42:42","slug":"eco-diseno","status":"publish","type":"page","link":"https:\/\/www.ate-drainage.com\/es\/eco-diseno\/","title":{"rendered":"ECO-DISE\u00d1O"},"content":{"rendered":"<div class=\"wp-block-image\">\n<figure class=\"aligncenter size-full\"><img decoding=\"async\" width=\"768\" height=\"523\" src=\"https:\/\/www.ate-drainage.com\/wp-content\/uploads\/2023\/07\/ECO-DISENO-ES-02-02-768x523-1.jpg\" alt=\"\" class=\"wp-image-2713\" srcset=\"https:\/\/www.ate-drainage.com\/wp-content\/uploads\/2023\/07\/ECO-DISENO-ES-02-02-768x523-1.jpg 768w, https:\/\/www.ate-drainage.com\/wp-content\/uploads\/2023\/07\/ECO-DISENO-ES-02-02-768x523-1-300x204.jpg 300w\" sizes=\"(max-width: 768px) 100vw, 768px\" \/><\/figure>\n<\/div>\n\n\n<p class=\"has-text-align-center\">Desde su creaci\u00f3n en 2000, <strong>ATE <\/strong>dise\u00f1a y fabrica productos en materia pl\u00e1stica procedente por parte de la <strong>econom\u00eda circular<\/strong>. ATE ha logrado a conciliar calidad y sostenibilidad en sus productos incorporando <strong>materias en PVC reciclado<\/strong>.<\/p>\n\n\n\n<div style=\"height:30px\" aria-hidden=\"true\" class=\"wp-block-spacer\"><\/div>\n\n\n\n<h2 class=\"wp-block-heading\">El reciclaje del PVC<\/h2>\n\n\n\n<p><strong>El PVC es 100% reciclable.<\/strong> En Francia, m\u00e1s de 110.000T han sido recicladas en 2019 y las cifras est\u00e1n aumentiendo cada a\u00f1o. Los objetivos europeos de 900.000T para 2025 s\u00f3n ambiciosos pero queda mucho que hacer. El PVC se recicla al infinito y conserva sus propiedades y calidades que permite trabajar en circuito cerrado. Es una ventaja importante en el desarollo sostenible. Es necesario desarollar nuevos circuitos cortos de colecta entre las empresas.<\/p>\n\n\n\n<div style=\"height:30px\" aria-hidden=\"true\" class=\"wp-block-spacer\"><\/div>\n\n\n\n<h2 class=\"wp-block-heading\">> RECUPERACI\u00d3N > RECICLAJE > REUTILIZACI\u00d3N<\/h2>\n\n\n\n<ul class=\"wp-block-list\">\n<li>Todos los recortes o desechos de producci\u00f3n re-utilizados a los 100%.<\/li>\n\n\n\n<li>Colecta de los residuos de PVC de nuestros clientes.<\/li>\n\n\n\n<li>Selecci\u00f3n y cualificaci\u00f3n de las materias.<\/li>\n\n\n\n<li>Integraci\u00f3n del reciclado en el proceso.<\/li>\n<\/ul>\n\n\n<div class=\"wp-block-image\">\n<figure class=\"aligncenter size-full\"><img decoding=\"async\" width=\"768\" height=\"456\" src=\"https:\/\/www.ate-drainage.com\/wp-content\/uploads\/2023\/07\/ECO-DISENO-ES-01-768x456-1.jpg\" alt=\"\" class=\"wp-image-2710\" srcset=\"https:\/\/www.ate-drainage.com\/wp-content\/uploads\/2023\/07\/ECO-DISENO-ES-01-768x456-1.jpg 768w, https:\/\/www.ate-drainage.com\/wp-content\/uploads\/2023\/07\/ECO-DISENO-ES-01-768x456-1-300x178.jpg 300w\" sizes=\"(max-width: 768px) 100vw, 768px\" \/><\/figure>\n<\/div>\n\n\n<figure class=\"wp-block-image size-thumbnail\"><img decoding=\"async\" width=\"150\" height=\"150\" src=\"https:\/\/www.ate-drainage.com\/wp-content\/uploads\/2023\/07\/Recyclage-PVC-150x150.jpg\" alt=\"\" class=\"wp-image-481\" srcset=\"https:\/\/www.ate-drainage.com\/wp-content\/uploads\/2023\/07\/Recyclage-PVC-150x150.jpg 150w, https:\/\/www.ate-drainage.com\/wp-content\/uploads\/2023\/07\/Recyclage-PVC.jpg 300w\" sizes=\"(max-width: 150px) 100vw, 150px\" \/><\/figure>\n\n\n\n<h2 class=\"wp-block-heading\">Un numero para ayudarle a clasificar&nbsp;:<\/h2>\n\n\n\n<p>Esta se\u00f1alizaci\u00f3n puede ayardarle a clasificar y ordenar la materia, un peque\u00f1o siglo que consiste en tres flechas formando un tr\u00edangulo conteniendo un numero en su centro. Le informa sobre la composici\u00f3n de su pl\u00e1stico, aq\u00fai el 3 corresponde al PVC&nbsp;: Policloruro de Vinilo.<\/p>\n\n\n\n<div style=\"height:30px\" aria-hidden=\"true\" class=\"wp-block-spacer\"><\/div>\n\n\n\n<p class=\"has-text-align-center has-blue-color has-text-color\"><strong>Cuando reciclamos, utillizamos menos recorsos naturales y evitamos enterramiento de materias tratadas como residuos.<\/strong><\/p>\n\n\n\n<p class=\"has-text-align-center has-blue-color has-text-color\"><strong>ATE quiere continuar a desarollar esta econom\u00eda circular para el reciclaje del PVC en su proceso.<\/strong><\/p>\n\n\n\n<div style=\"height:20px\" aria-hidden=\"true\" class=\"wp-block-spacer\"><\/div>\n\n\n\n<div class=\"wp-block-cover alignfull is-light\"><span aria-hidden=\"true\" class=\"wp-block-cover__background has-blue-background-color has-background-dim\"><\/span><img decoding=\"async\" width=\"800\" height=\"495\" class=\"wp-block-cover__image-background wp-image-484\" alt=\"\" src=\"https:\/\/www.ate-drainage.com\/wp-content\/uploads\/2023\/07\/PVC-Broye-web.jpg\" data-object-fit=\"cover\" srcset=\"https:\/\/www.ate-drainage.com\/wp-content\/uploads\/2023\/07\/PVC-Broye-web.jpg 800w, https:\/\/www.ate-drainage.com\/wp-content\/uploads\/2023\/07\/PVC-Broye-web-300x186.jpg 300w, https:\/\/www.ate-drainage.com\/wp-content\/uploads\/2023\/07\/PVC-Broye-web-768x475.jpg 768w\" sizes=\"(max-width: 800px) 100vw, 800px\" \/><div class=\"wp-block-cover__inner-container is-layout-flow wp-block-cover-is-layout-flow\">\n<h2 class=\"wp-block-heading has-white-color has-text-color\">\u00bf Quiere una soluci\u00f3n para sus desechos PVC&nbsp;?<\/h2>\n\n\n\n<p class=\"has-white-color has-text-color\"><strong>\u00bf Quiere convertirse en un punto de recolecci\u00f3n y hacer parte de la econom\u00eda circular&nbsp;? Podemos estudiar una proposici\u00f3n para organizar la recuperaci\u00f3n de sus recortes PVC.<\/strong><\/p>\n\n\n\n<div class=\"wp-block-buttons is-layout-flex wp-block-buttons-is-layout-flex\">\n<div class=\"wp-block-button is-style-quaternary\"><a class=\"wp-block-button__link wp-element-button\" href=\"https:\/\/www.ate-drainage.com\/es\/contacto\/\">CONT\u00c1CTENOS<\/a><\/div>\n<\/div>\n<\/div><\/div>\n","protected":false},"excerpt":{"rendered":"<p>Desde su creaci\u00f3n en 2000, ATE dise\u00f1a y fabrica productos en materia pl\u00e1stica procedente por parte de la econom\u00eda circular. ATE ha logrado a conciliar calidad y sostenibilidad en sus productos incorporando materias en PVC reciclado. El reciclaje del PVC El PVC es 100% reciclable. En Francia, m\u00e1s de 110.000T han sido recicladas en 2019 [&hellip;]<\/p>\n","protected":false},"author":1,"featured_media":0,"parent":0,"menu_order":0,"comment_status":"closed","ping_status":"closed","template":"","meta":{"_acf_changed":false,"footnotes":""},"class_list":["post-2707","page","type-page","status-publish","hentry"],"acf":[],"yoast_head":"<!-- This site is optimized with the Yoast SEO plugin v27.5 - https:\/\/yoast.com\/product\/yoast-seo-wordpress\/ -->\n<title>ECO-DISE\u00d1O y reciclaje de PVC - ATE Drainage<\/title>\n<meta name=\"description\" content=\"Gracias al reciclaje PVC, la empresa ATE dise\u00f1a y fabrica productos en materia prima procedente de la economia circular.\" \/>\n<meta name=\"robots\" content=\"index, follow, max-snippet:-1, max-image-preview:large, max-video-preview:-1\" \/>\n<link rel=\"canonical\" href=\"https:\/\/www.ate-drainage.com\/es\/eco-diseno\/\" \/>\n<meta property=\"og:locale\" content=\"es_ES\" \/>\n<meta property=\"og:type\" content=\"article\" \/>\n<meta property=\"og:title\" content=\"ECO-DISE\u00d1O y reciclaje de PVC - ATE Drainage\" \/>\n<meta property=\"og:description\" content=\"Gracias al reciclaje PVC, la empresa ATE dise\u00f1a y fabrica productos en materia prima procedente de la economia circular.\" \/>\n<meta property=\"og:url\" content=\"https:\/\/www.ate-drainage.com\/es\/eco-diseno\/\" \/>\n<meta property=\"og:site_name\" content=\"ATE Drainage\" \/>\n<meta property=\"article:modified_time\" content=\"2023-07-28T08:42:42+00:00\" \/>\n<meta property=\"og:image\" content=\"https:\/\/www.ate-drainage.com\/wp-content\/uploads\/2023\/07\/ECO-DISENO-ES-02-02-768x523-1.jpg\" \/>\n<meta name=\"twitter:card\" content=\"summary_large_image\" \/>\n<meta name=\"twitter:label1\" content=\"Tiempo de lectura\" \/>\n\t<meta name=\"twitter:data1\" content=\"3 minutos\" \/>\n<script type=\"application\/ld+json\" class=\"yoast-schema-graph\">{\"@context\":\"https:\\\/\\\/schema.org\",\"@graph\":[{\"@type\":\"WebPage\",\"@id\":\"https:\\\/\\\/www.ate-drainage.com\\\/es\\\/eco-diseno\\\/\",\"url\":\"https:\\\/\\\/www.ate-drainage.com\\\/es\\\/eco-diseno\\\/\",\"name\":\"ECO-DISE\u00d1O y reciclaje de PVC - ATE Drainage\",\"isPartOf\":{\"@id\":\"https:\\\/\\\/www.ate-drainage.com\\\/es\\\/#website\"},\"primaryImageOfPage\":{\"@id\":\"https:\\\/\\\/www.ate-drainage.com\\\/es\\\/eco-diseno\\\/#primaryimage\"},\"image\":{\"@id\":\"https:\\\/\\\/www.ate-drainage.com\\\/es\\\/eco-diseno\\\/#primaryimage\"},\"thumbnailUrl\":\"https:\\\/\\\/www.ate-drainage.com\\\/wp-content\\\/uploads\\\/2023\\\/07\\\/ECO-DISENO-ES-02-02-768x523-1.jpg\",\"datePublished\":\"2023-07-28T08:37:30+00:00\",\"dateModified\":\"2023-07-28T08:42:42+00:00\",\"description\":\"Gracias al reciclaje PVC, la empresa ATE dise\u00f1a y fabrica productos en materia prima procedente de la economia circular.\",\"breadcrumb\":{\"@id\":\"https:\\\/\\\/www.ate-drainage.com\\\/es\\\/eco-diseno\\\/#breadcrumb\"},\"inLanguage\":\"es\",\"potentialAction\":[{\"@type\":\"ReadAction\",\"target\":[\"https:\\\/\\\/www.ate-drainage.com\\\/es\\\/eco-diseno\\\/\"]}]},{\"@type\":\"ImageObject\",\"inLanguage\":\"es\",\"@id\":\"https:\\\/\\\/www.ate-drainage.com\\\/es\\\/eco-diseno\\\/#primaryimage\",\"url\":\"https:\\\/\\\/www.ate-drainage.com\\\/wp-content\\\/uploads\\\/2023\\\/07\\\/ECO-DISENO-ES-02-02-768x523-1.jpg\",\"contentUrl\":\"https:\\\/\\\/www.ate-drainage.com\\\/wp-content\\\/uploads\\\/2023\\\/07\\\/ECO-DISENO-ES-02-02-768x523-1.jpg\"},{\"@type\":\"BreadcrumbList\",\"@id\":\"https:\\\/\\\/www.ate-drainage.com\\\/es\\\/eco-diseno\\\/#breadcrumb\",\"itemListElement\":[{\"@type\":\"ListItem\",\"position\":1,\"name\":\"P\u00e1gina de inicio\",\"item\":\"https:\\\/\\\/www.ate-drainage.com\\\/es\\\/\"},{\"@type\":\"ListItem\",\"position\":2,\"name\":\"ECO-DISE\u00d1O\"}]},{\"@type\":\"WebSite\",\"@id\":\"https:\\\/\\\/www.ate-drainage.com\\\/es\\\/#website\",\"url\":\"https:\\\/\\\/www.ate-drainage.com\\\/es\\\/\",\"name\":\"ATE DRAINAGE\",\"description\":\"Drenaje, infiltraci\u00f3n y gesti\u00f3n de aguas pluviales\",\"publisher\":{\"@id\":\"https:\\\/\\\/www.ate-drainage.com\\\/es\\\/#organization\"},\"alternateName\":\"ATE DRAINAGE\",\"potentialAction\":[{\"@type\":\"SearchAction\",\"target\":{\"@type\":\"EntryPoint\",\"urlTemplate\":\"https:\\\/\\\/www.ate-drainage.com\\\/es\\\/?s={search_term_string}\"},\"query-input\":{\"@type\":\"PropertyValueSpecification\",\"valueRequired\":true,\"valueName\":\"search_term_string\"}}],\"inLanguage\":\"es\"},{\"@type\":\"Organization\",\"@id\":\"https:\\\/\\\/www.ate-drainage.com\\\/es\\\/#organization\",\"name\":\"ATE DRAINAGE\",\"alternateName\":\"ATE DRAINAGE\",\"url\":\"https:\\\/\\\/www.ate-drainage.com\\\/es\\\/\",\"logo\":{\"@type\":\"ImageObject\",\"inLanguage\":\"es\",\"@id\":\"https:\\\/\\\/www.ate-drainage.com\\\/es\\\/#\\\/schema\\\/logo\\\/image\\\/\",\"url\":\"https:\\\/\\\/www.ate-drainage.com\\\/wp-content\\\/uploads\\\/2023\\\/07\\\/logo-ate-drainage-1.svg\",\"contentUrl\":\"https:\\\/\\\/www.ate-drainage.com\\\/wp-content\\\/uploads\\\/2023\\\/07\\\/logo-ate-drainage-1.svg\",\"width\":172,\"height\":98,\"caption\":\"ATE DRAINAGE\"},\"image\":{\"@id\":\"https:\\\/\\\/www.ate-drainage.com\\\/es\\\/#\\\/schema\\\/logo\\\/image\\\/\"}}]}<\/script>\n<!-- \/ Yoast SEO plugin. -->","yoast_head_json":{"title":"ECO-DISE\u00d1O y reciclaje de PVC - ATE Drainage","description":"Gracias al reciclaje PVC, la empresa ATE dise\u00f1a y fabrica productos en materia prima procedente de la economia circular.","robots":{"index":"index","follow":"follow","max-snippet":"max-snippet:-1","max-image-preview":"max-image-preview:large","max-video-preview":"max-video-preview:-1"},"canonical":"https:\/\/www.ate-drainage.com\/es\/eco-diseno\/","og_locale":"es_ES","og_type":"article","og_title":"ECO-DISE\u00d1O y reciclaje de PVC - ATE Drainage","og_description":"Gracias al reciclaje PVC, la empresa ATE dise\u00f1a y fabrica productos en materia prima procedente de la economia circular.","og_url":"https:\/\/www.ate-drainage.com\/es\/eco-diseno\/","og_site_name":"ATE Drainage","article_modified_time":"2023-07-28T08:42:42+00:00","og_image":[{"url":"https:\/\/www.ate-drainage.com\/wp-content\/uploads\/2023\/07\/ECO-DISENO-ES-02-02-768x523-1.jpg","type":"","width":"","height":""}],"twitter_card":"summary_large_image","twitter_misc":{"Tiempo de lectura":"3 minutos"},"schema":{"@context":"https:\/\/schema.org","@graph":[{"@type":"WebPage","@id":"https:\/\/www.ate-drainage.com\/es\/eco-diseno\/","url":"https:\/\/www.ate-drainage.com\/es\/eco-diseno\/","name":"ECO-DISE\u00d1O y reciclaje de PVC - ATE Drainage","isPartOf":{"@id":"https:\/\/www.ate-drainage.com\/es\/#website"},"primaryImageOfPage":{"@id":"https:\/\/www.ate-drainage.com\/es\/eco-diseno\/#primaryimage"},"image":{"@id":"https:\/\/www.ate-drainage.com\/es\/eco-diseno\/#primaryimage"},"thumbnailUrl":"https:\/\/www.ate-drainage.com\/wp-content\/uploads\/2023\/07\/ECO-DISENO-ES-02-02-768x523-1.jpg","datePublished":"2023-07-28T08:37:30+00:00","dateModified":"2023-07-28T08:42:42+00:00","description":"Gracias al reciclaje PVC, la empresa ATE dise\u00f1a y fabrica productos en materia prima procedente de la economia circular.","breadcrumb":{"@id":"https:\/\/www.ate-drainage.com\/es\/eco-diseno\/#breadcrumb"},"inLanguage":"es","potentialAction":[{"@type":"ReadAction","target":["https:\/\/www.ate-drainage.com\/es\/eco-diseno\/"]}]},{"@type":"ImageObject","inLanguage":"es","@id":"https:\/\/www.ate-drainage.com\/es\/eco-diseno\/#primaryimage","url":"https:\/\/www.ate-drainage.com\/wp-content\/uploads\/2023\/07\/ECO-DISENO-ES-02-02-768x523-1.jpg","contentUrl":"https:\/\/www.ate-drainage.com\/wp-content\/uploads\/2023\/07\/ECO-DISENO-ES-02-02-768x523-1.jpg"},{"@type":"BreadcrumbList","@id":"https:\/\/www.ate-drainage.com\/es\/eco-diseno\/#breadcrumb","itemListElement":[{"@type":"ListItem","position":1,"name":"P\u00e1gina de inicio","item":"https:\/\/www.ate-drainage.com\/es\/"},{"@type":"ListItem","position":2,"name":"ECO-DISE\u00d1O"}]},{"@type":"WebSite","@id":"https:\/\/www.ate-drainage.com\/es\/#website","url":"https:\/\/www.ate-drainage.com\/es\/","name":"ATE DRAINAGE","description":"Drenaje, infiltraci\u00f3n y gesti\u00f3n de aguas pluviales","publisher":{"@id":"https:\/\/www.ate-drainage.com\/es\/#organization"},"alternateName":"ATE DRAINAGE","potentialAction":[{"@type":"SearchAction","target":{"@type":"EntryPoint","urlTemplate":"https:\/\/www.ate-drainage.com\/es\/?s={search_term_string}"},"query-input":{"@type":"PropertyValueSpecification","valueRequired":true,"valueName":"search_term_string"}}],"inLanguage":"es"},{"@type":"Organization","@id":"https:\/\/www.ate-drainage.com\/es\/#organization","name":"ATE DRAINAGE","alternateName":"ATE DRAINAGE","url":"https:\/\/www.ate-drainage.com\/es\/","logo":{"@type":"ImageObject","inLanguage":"es","@id":"https:\/\/www.ate-drainage.com\/es\/#\/schema\/logo\/image\/","url":"https:\/\/www.ate-drainage.com\/wp-content\/uploads\/2023\/07\/logo-ate-drainage-1.svg","contentUrl":"https:\/\/www.ate-drainage.com\/wp-content\/uploads\/2023\/07\/logo-ate-drainage-1.svg","width":172,"height":98,"caption":"ATE DRAINAGE"},"image":{"@id":"https:\/\/www.ate-drainage.com\/es\/#\/schema\/logo\/image\/"}}]}},"_links":{"self":[{"href":"https:\/\/www.ate-drainage.com\/es\/wp-json\/wp\/v2\/pages\/2707","targetHints":{"allow":["GET"]}}],"collection":[{"href":"https:\/\/www.ate-drainage.com\/es\/wp-json\/wp\/v2\/pages"}],"about":[{"href":"https:\/\/www.ate-drainage.com\/es\/wp-json\/wp\/v2\/types\/page"}],"author":[{"embeddable":true,"href":"https:\/\/www.ate-drainage.com\/es\/wp-json\/wp\/v2\/users\/1"}],"replies":[{"embeddable":true,"href":"https:\/\/www.ate-drainage.com\/es\/wp-json\/wp\/v2\/comments?post=2707"}],"version-history":[{"count":2,"href":"https:\/\/www.ate-drainage.com\/es\/wp-json\/wp\/v2\/pages\/2707\/revisions"}],"predecessor-version":[{"id":2718,"href":"https:\/\/www.ate-drainage.com\/es\/wp-json\/wp\/v2\/pages\/2707\/revisions\/2718"}],"wp:attachment":[{"href":"https:\/\/www.ate-drainage.com\/es\/wp-json\/wp\/v2\/media?parent=2707"}],"curies":[{"name":"wp","href":"https:\/\/api.w.org\/{rel}","templated":true}]}}