{"id":4396,"date":"2023-11-07T10:24:32","date_gmt":"2023-11-07T09:24:32","guid":{"rendered":"https:\/\/www.ate-drainage.com\/?page_id=4396"},"modified":"2023-11-07T10:30:30","modified_gmt":"2023-11-07T09:30:30","slug":"ate-una-empresa-francesa-con-valores-sociales-y-medioambientales","status":"publish","type":"page","link":"https:\/\/www.ate-drainage.com\/es\/ate-una-empresa-francesa-con-valores-sociales-y-medioambientales\/","title":{"rendered":"ATE: UNA EMPRESA FRANCESA CON VALORES SOCIALES Y MEDIOAMBIENTALES"},"content":{"rendered":"\n<div class=\"wp-block-columns is-layout-flex wp-container-core-columns-is-layout-9d6595d7 wp-block-columns-is-layout-flex\">\n<div class=\"wp-block-column is-vertically-aligned-center is-layout-flow wp-block-column-is-layout-flow\" style=\"flex-basis:33.33%\"><div class=\"wp-block-image\">\n<figure class=\"aligncenter\"><img decoding=\"async\" src=\"https:\/\/www.ate-drainage.com\/wp-content\/uploads\/2023\/07\/ATE_fabrique_en_france.jpg\" alt=\"ATE Fabrication fran\u00e7aise\"\/><\/figure>\n<\/div><\/div>\n\n\n\n<div class=\"wp-block-column is-vertically-aligned-center is-layout-flow wp-block-column-is-layout-flow\" style=\"flex-basis:66.66%\">\n<p>Como dise\u00f1ador y<strong> fabricante franc\u00e9s <\/strong>de soluciones de drenaje, evacuaci\u00f3n e infiltraci\u00f3n, ATE Drenaje utiliza toda su experiencia para desarrollar y fabricar soluciones de gesti\u00f3n del agua en Francia. Para nosotros es un honor implicar a nuestros equipos en el desarrollo y las exigencias de calidad de nuestros productos.<\/p>\n<\/div>\n<\/div>\n\n\n\n<figure class=\"wp-block-image alignfull size-full\"><img decoding=\"async\" width=\"1600\" height=\"633\" src=\"https:\/\/www.ate-drainage.com\/wp-content\/uploads\/2023\/07\/ATE_SANCOL_une_rs.jpg\" alt=\"\" class=\"wp-image-1700\" srcset=\"https:\/\/www.ate-drainage.com\/wp-content\/uploads\/2023\/07\/ATE_SANCOL_une_rs.jpg 1600w, https:\/\/www.ate-drainage.com\/wp-content\/uploads\/2023\/07\/ATE_SANCOL_une_rs-300x119.jpg 300w, https:\/\/www.ate-drainage.com\/wp-content\/uploads\/2023\/07\/ATE_SANCOL_une_rs-1024x405.jpg 1024w, https:\/\/www.ate-drainage.com\/wp-content\/uploads\/2023\/07\/ATE_SANCOL_une_rs-768x304.jpg 768w, https:\/\/www.ate-drainage.com\/wp-content\/uploads\/2023\/07\/ATE_SANCOL_une_rs-1536x608.jpg 1536w\" sizes=\"(max-width: 1600px) 100vw, 1600px\" \/><\/figure>\n\n\n\n<div style=\"height:60px\" aria-hidden=\"true\" class=\"wp-block-spacer\"><\/div>\n\n\n\n<div class=\"wp-block-columns is-layout-flex wp-container-core-columns-is-layout-9d6595d7 wp-block-columns-is-layout-flex\">\n<div class=\"wp-block-column is-layout-flow wp-block-column-is-layout-flow\" style=\"flex-basis:33.33%\"><div class=\"wp-block-image\">\n<figure class=\"aligncenter size-full\"><img decoding=\"async\" width=\"1000\" height=\"1000\" src=\"https:\/\/www.ate-drainage.com\/wp-content\/uploads\/2023\/08\/ATE_drainage_fabrication_francaise_batifibre.jpg\" alt=\"\" class=\"wp-image-3993\" srcset=\"https:\/\/www.ate-drainage.com\/wp-content\/uploads\/2023\/08\/ATE_drainage_fabrication_francaise_batifibre.jpg 1000w, https:\/\/www.ate-drainage.com\/wp-content\/uploads\/2023\/08\/ATE_drainage_fabrication_francaise_batifibre-300x300.jpg 300w, https:\/\/www.ate-drainage.com\/wp-content\/uploads\/2023\/08\/ATE_drainage_fabrication_francaise_batifibre-150x150.jpg 150w, https:\/\/www.ate-drainage.com\/wp-content\/uploads\/2023\/08\/ATE_drainage_fabrication_francaise_batifibre-768x768.jpg 768w\" sizes=\"(max-width: 1000px) 100vw, 1000px\" \/><\/figure>\n<\/div><\/div>\n\n\n\n<div class=\"wp-block-column is-layout-flow wp-block-column-is-layout-flow\" style=\"flex-basis:66.66%\">\n<h2 class=\"wp-block-heading is-style-right-line\"><strong>Fabricamos nuestras soluciones en Francia<\/strong><\/h2>\n\n\n\n<p>Desde hace m\u00e1s de veinte a\u00f1os, ATE dise\u00f1a y fabrica soluciones innovadoras, eficaces y sostenibles, sello de su compromiso con la calidad.<\/p>\n\n\n\n<p>Frente a los retos medioambientales, muchos consumidores prefieren cada vez m\u00e1s los productos locales fabricados en Francia. M\u00e1s all\u00e1 de esta exigencia, nuestros equipos garantizan la calidad y la conformidad de nuestros productos en todas las etapas de su fabricaci\u00f3n. Nuestros empleados est\u00e1n comprometidos con la satisfacci\u00f3n del cliente.<\/p>\n<\/div>\n<\/div>\n\n\n\n<div style=\"height:50px\" aria-hidden=\"true\" class=\"wp-block-spacer\"><\/div>\n\n\n\n<div class=\"wp-block-columns are-vertically-aligned-center is-layout-flex wp-container-core-columns-is-layout-9d6595d7 wp-block-columns-is-layout-flex\">\n<div class=\"wp-block-column is-vertically-aligned-center is-layout-flow wp-block-column-is-layout-flow\" style=\"flex-basis:66.66%\">\n<h2 class=\"wp-block-heading has-text-align-right is-style-left-line\"><strong>Promover nuestros productos franceses: ATE, 20 a\u00f1os de experiencia<\/strong><\/h2>\n\n\n\n<p class=\"has-text-align-right\">ATE expresa su saber hacer a trav\u00e9s de una amplia gama de tuber\u00edas de PVC y PEAD, desag\u00fces y soluciones espec\u00edficas, r\u00edgidas o flexibles, monomateriales o multimateriales.<\/p>\n\n\n\n<p class=\"has-text-align-right\">Nuestros productos llevan la marca francesa.<\/p>\n<\/div>\n\n\n\n<div class=\"wp-block-column is-vertically-aligned-center is-layout-flow wp-block-column-is-layout-flow\" style=\"flex-basis:33.33%\">\n<figure class=\"wp-block-image\"><img decoding=\"async\" width=\"600\" height=\"600\" src=\"https:\/\/www.ate-drainage.com\/wp-content\/uploads\/2023\/07\/ATE_valorisation.jpg\" alt=\"\" class=\"wp-image-1732\" srcset=\"https:\/\/www.ate-drainage.com\/wp-content\/uploads\/2023\/07\/ATE_valorisation.jpg 600w, https:\/\/www.ate-drainage.com\/wp-content\/uploads\/2023\/07\/ATE_valorisation-300x300.jpg 300w, https:\/\/www.ate-drainage.com\/wp-content\/uploads\/2023\/07\/ATE_valorisation-150x150.jpg 150w\" sizes=\"(max-width: 600px) 100vw, 600px\" \/><\/figure>\n<\/div>\n<\/div>\n\n\n\n<div style=\"height:50px\" aria-hidden=\"true\" class=\"wp-block-spacer\"><\/div>\n\n\n\n<div class=\"wp-block-columns are-vertically-aligned-center is-layout-flex wp-container-core-columns-is-layout-9d6595d7 wp-block-columns-is-layout-flex\">\n<div class=\"wp-block-column is-vertically-aligned-center is-layout-flow wp-block-column-is-layout-flow\" style=\"flex-basis:33.33%\">\n<figure class=\"wp-block-image size-full is-resized\"><img decoding=\"async\" width=\"600\" height=\"600\" src=\"https:\/\/www.ate-drainage.com\/wp-content\/uploads\/2023\/07\/ATE_responsabilite_eau.jpg\" alt=\"\" class=\"wp-image-1736\" srcset=\"https:\/\/www.ate-drainage.com\/wp-content\/uploads\/2023\/07\/ATE_responsabilite_eau.jpg 600w, https:\/\/www.ate-drainage.com\/wp-content\/uploads\/2023\/07\/ATE_responsabilite_eau-300x300.jpg 300w, https:\/\/www.ate-drainage.com\/wp-content\/uploads\/2023\/07\/ATE_responsabilite_eau-150x150.jpg 150w\" sizes=\"(max-width: 600px) 100vw, 600px\" \/><\/figure>\n<\/div>\n\n\n\n<div class=\"wp-block-column is-vertically-aligned-center is-layout-flow wp-block-column-is-layout-flow\" style=\"flex-basis:66.66%\">\n<h2 class=\"wp-block-heading is-style-right-line\"><strong><strong>RESPONSABLES DE DEVOLVER A LA COMUNIDAD<\/strong><\/strong><\/h2>\n\n\n\n<p>Porque el desarrollo sostenible es tambi\u00e9n una preocupaci\u00f3n constante para todos nuestros empleados, nos esforzamos por lograr un equilibrio entre la mejora del rendimiento global de la empresa y la reducci\u00f3n de nuestra huella ecol\u00f3gica.<\/p>\n\n\n\n<p><strong>ACTUAR JUNTOS<\/strong> por las generaciones futuras es nuestra responsabilidad <strong>SOCIAL Y MEDIOAMBIENTAL.<\/strong> Por ello, preservar nuestras l\u00edneas de producci\u00f3n en Francia es una prioridad.<\/p>\n<\/div>\n<\/div>\n\n\n\n<div style=\"height:50px\" aria-hidden=\"true\" class=\"wp-block-spacer\"><\/div>\n\n\n\n<h2 class=\"wp-block-heading is-style-right-line\">CARTA DE RESPONSABILIDAD SOCIAL<\/h2>\n\n\n\n<p>ATE sigue comprometida con un enfoque de Responsabilidad Social Corporativa.<\/p>\n\n\n\n<p>Aunque un producto que lleve la etiqueta &#8220;Made in France&#8221; pueda estar fabricado con materias primas importadas, la empresa despliega sistemas internos y externos de reciclaje de materias primas.<\/p>\n\n\n\n<p><\/p>\n","protected":false},"excerpt":{"rendered":"<p>Como dise\u00f1ador y fabricante franc\u00e9s de soluciones de drenaje, evacuaci\u00f3n e infiltraci\u00f3n, ATE Drenaje utiliza toda su experiencia para desarrollar y fabricar soluciones de gesti\u00f3n del agua en Francia. Para nosotros es un honor implicar a nuestros equipos en el desarrollo y las exigencias de calidad de nuestros productos. Fabricamos nuestras soluciones en Francia Desde [&hellip;]<\/p>\n","protected":false},"author":5,"featured_media":0,"parent":0,"menu_order":0,"comment_status":"closed","ping_status":"closed","template":"","meta":{"_acf_changed":false,"footnotes":""},"class_list":["post-4396","page","type-page","status-publish","hentry"],"acf":[],"yoast_head":"<!-- This site is optimized with the Yoast SEO plugin v27.6 - https:\/\/yoast.com\/product\/yoast-seo-wordpress\/ -->\n<title>ATE: UNA EMPRESA FRANCESA CON VALORES SOCIALES Y MEDIOAMBIENTALES - ATE Drainage<\/title>\n<meta name=\"robots\" content=\"index, follow, max-snippet:-1, max-image-preview:large, max-video-preview:-1\" \/>\n<link rel=\"canonical\" href=\"https:\/\/www.ate-drainage.com\/es\/ate-una-empresa-francesa-con-valores-sociales-y-medioambientales\/\" \/>\n<meta property=\"og:locale\" content=\"es_ES\" \/>\n<meta property=\"og:type\" content=\"article\" \/>\n<meta property=\"og:title\" content=\"ATE: UNA EMPRESA FRANCESA CON VALORES SOCIALES Y MEDIOAMBIENTALES - ATE Drainage\" \/>\n<meta property=\"og:description\" content=\"Como dise\u00f1ador y fabricante franc\u00e9s de soluciones de drenaje, evacuaci\u00f3n e infiltraci\u00f3n, ATE Drenaje utiliza toda su experiencia para desarrollar y fabricar soluciones de gesti\u00f3n del agua en Francia. Para nosotros es un honor implicar a nuestros equipos en el desarrollo y las exigencias de calidad de nuestros productos. Fabricamos nuestras soluciones en Francia Desde [&hellip;]\" \/>\n<meta property=\"og:url\" content=\"https:\/\/www.ate-drainage.com\/es\/ate-una-empresa-francesa-con-valores-sociales-y-medioambientales\/\" \/>\n<meta property=\"og:site_name\" content=\"ATE Drainage\" \/>\n<meta property=\"article:modified_time\" content=\"2023-11-07T09:30:30+00:00\" \/>\n<meta property=\"og:image\" content=\"https:\/\/www.ate-drainage.com\/wp-content\/uploads\/2023\/07\/ATE_fabrique_en_france.jpg\" \/>\n<meta name=\"twitter:card\" content=\"summary_large_image\" \/>\n<meta name=\"twitter:label1\" content=\"Tiempo de lectura\" \/>\n\t<meta name=\"twitter:data1\" content=\"3 minutos\" \/>\n<!-- \/ Yoast SEO plugin. -->","yoast_head_json":{"title":"ATE: UNA EMPRESA FRANCESA CON VALORES SOCIALES Y MEDIOAMBIENTALES - ATE Drainage","robots":{"index":"index","follow":"follow","max-snippet":"max-snippet:-1","max-image-preview":"max-image-preview:large","max-video-preview":"max-video-preview:-1"},"canonical":"https:\/\/www.ate-drainage.com\/es\/ate-una-empresa-francesa-con-valores-sociales-y-medioambientales\/","og_locale":"es_ES","og_type":"article","og_title":"ATE: UNA EMPRESA FRANCESA CON VALORES SOCIALES Y MEDIOAMBIENTALES - ATE Drainage","og_description":"Como dise\u00f1ador y fabricante franc\u00e9s de soluciones de drenaje, evacuaci\u00f3n e infiltraci\u00f3n, ATE Drenaje utiliza toda su experiencia para desarrollar y fabricar soluciones de gesti\u00f3n del agua en Francia. Para nosotros es un honor implicar a nuestros equipos en el desarrollo y las exigencias de calidad de nuestros productos. Fabricamos nuestras soluciones en Francia Desde [&hellip;]","og_url":"https:\/\/www.ate-drainage.com\/es\/ate-una-empresa-francesa-con-valores-sociales-y-medioambientales\/","og_site_name":"ATE Drainage","article_modified_time":"2023-11-07T09:30:30+00:00","og_image":[{"url":"https:\/\/www.ate-drainage.com\/wp-content\/uploads\/2023\/07\/ATE_fabrique_en_france.jpg","type":"","width":"","height":""}],"twitter_card":"summary_large_image","twitter_misc":{"Tiempo de lectura":"3 minutos"},"schema":{"@context":"https:\/\/schema.org","@graph":[{"@type":"WebPage","@id":"https:\/\/www.ate-drainage.com\/es\/ate-una-empresa-francesa-con-valores-sociales-y-medioambientales\/","url":"https:\/\/www.ate-drainage.com\/es\/ate-una-empresa-francesa-con-valores-sociales-y-medioambientales\/","name":"ATE: UNA EMPRESA FRANCESA CON VALORES SOCIALES Y MEDIOAMBIENTALES - ATE Drainage","isPartOf":{"@id":"https:\/\/www.ate-drainage.com\/es\/#website"},"primaryImageOfPage":{"@id":"https:\/\/www.ate-drainage.com\/es\/ate-una-empresa-francesa-con-valores-sociales-y-medioambientales\/#primaryimage"},"image":{"@id":"https:\/\/www.ate-drainage.com\/es\/ate-una-empresa-francesa-con-valores-sociales-y-medioambientales\/#primaryimage"},"thumbnailUrl":"https:\/\/www.ate-drainage.com\/wp-content\/uploads\/2023\/07\/ATE_fabrique_en_france.jpg","datePublished":"2023-11-07T09:24:32+00:00","dateModified":"2023-11-07T09:30:30+00:00","breadcrumb":{"@id":"https:\/\/www.ate-drainage.com\/es\/ate-una-empresa-francesa-con-valores-sociales-y-medioambientales\/#breadcrumb"},"inLanguage":"es","potentialAction":[{"@type":"ReadAction","target":["https:\/\/www.ate-drainage.com\/es\/ate-una-empresa-francesa-con-valores-sociales-y-medioambientales\/"]}]},{"@type":"ImageObject","inLanguage":"es","@id":"https:\/\/www.ate-drainage.com\/es\/ate-una-empresa-francesa-con-valores-sociales-y-medioambientales\/#primaryimage","url":"https:\/\/www.ate-drainage.com\/wp-content\/uploads\/2023\/07\/ATE_fabrique_en_france.jpg","contentUrl":"https:\/\/www.ate-drainage.com\/wp-content\/uploads\/2023\/07\/ATE_fabrique_en_france.jpg"},{"@type":"BreadcrumbList","@id":"https:\/\/www.ate-drainage.com\/es\/ate-una-empresa-francesa-con-valores-sociales-y-medioambientales\/#breadcrumb","itemListElement":[{"@type":"ListItem","position":1,"name":"P\u00e1gina de inicio","item":"https:\/\/www.ate-drainage.com\/es\/"},{"@type":"ListItem","position":2,"name":"ATE: UNA EMPRESA FRANCESA CON VALORES SOCIALES Y MEDIOAMBIENTALES"}]},{"@type":"WebSite","@id":"https:\/\/www.ate-drainage.com\/es\/#website","url":"https:\/\/www.ate-drainage.com\/es\/","name":"ATE DRAINAGE","description":"Drenaje, infiltraci\u00f3n y gesti\u00f3n de aguas pluviales","publisher":{"@id":"https:\/\/www.ate-drainage.com\/es\/#organization"},"alternateName":"ATE DRAINAGE","potentialAction":[{"@type":"SearchAction","target":{"@type":"EntryPoint","urlTemplate":"https:\/\/www.ate-drainage.com\/es\/?s={search_term_string}"},"query-input":{"@type":"PropertyValueSpecification","valueRequired":true,"valueName":"search_term_string"}}],"inLanguage":"es"},{"@type":"Organization","@id":"https:\/\/www.ate-drainage.com\/es\/#organization","name":"ATE DRAINAGE","alternateName":"ATE DRAINAGE","url":"https:\/\/www.ate-drainage.com\/es\/","logo":{"@type":"ImageObject","inLanguage":"es","@id":"https:\/\/www.ate-drainage.com\/es\/#\/schema\/logo\/image\/","url":"https:\/\/www.ate-drainage.com\/wp-content\/uploads\/2023\/07\/logo-ate-drainage-1.svg","contentUrl":"https:\/\/www.ate-drainage.com\/wp-content\/uploads\/2023\/07\/logo-ate-drainage-1.svg","width":172,"height":98,"caption":"ATE DRAINAGE"},"image":{"@id":"https:\/\/www.ate-drainage.com\/es\/#\/schema\/logo\/image\/"}}]}},"_links":{"self":[{"href":"https:\/\/www.ate-drainage.com\/es\/wp-json\/wp\/v2\/pages\/4396","targetHints":{"allow":["GET"]}}],"collection":[{"href":"https:\/\/www.ate-drainage.com\/es\/wp-json\/wp\/v2\/pages"}],"about":[{"href":"https:\/\/www.ate-drainage.com\/es\/wp-json\/wp\/v2\/types\/page"}],"author":[{"embeddable":true,"href":"https:\/\/www.ate-drainage.com\/es\/wp-json\/wp\/v2\/users\/5"}],"replies":[{"embeddable":true,"href":"https:\/\/www.ate-drainage.com\/es\/wp-json\/wp\/v2\/comments?post=4396"}],"version-history":[{"count":3,"href":"https:\/\/www.ate-drainage.com\/es\/wp-json\/wp\/v2\/pages\/4396\/revisions"}],"predecessor-version":[{"id":4401,"href":"https:\/\/www.ate-drainage.com\/es\/wp-json\/wp\/v2\/pages\/4396\/revisions\/4401"}],"wp:attachment":[{"href":"https:\/\/www.ate-drainage.com\/es\/wp-json\/wp\/v2\/media?parent=4396"}],"curies":[{"name":"wp","href":"https:\/\/api.w.org\/{rel}","templated":true}]}}