{"id":5776,"date":"2023-07-26T15:02:48","date_gmt":"2023-07-26T13:02:48","guid":{"rendered":"https:\/\/www.ate-drainage.com\/?page_id=5776"},"modified":"2024-08-02T14:13:08","modified_gmt":"2024-08-02T12:13:08","slug":"drenaje-paisajistico","status":"publish","type":"page","link":"https:\/\/www.ate-drainage.com\/es\/drenaje-paisajistico\/","title":{"rendered":"Drenaje paisajistico"},"content":{"rendered":"\n<div class=\"wp-block-columns is-layout-flex wp-container-core-columns-is-layout-9d6595d7 wp-block-columns-is-layout-flex\">\n<div class=\"wp-block-column is-layout-flow wp-block-column-is-layout-flow\">\n<figure class=\"wp-block-image size-full\"><img decoding=\"async\" width=\"542\" height=\"300\" src=\"https:\/\/www.ate-drainage.com\/wp-content\/uploads\/2024\/06\/Drainage_paysager_et_TP_parc.jpg\" alt=\"\" class=\"wp-image-5672\" srcset=\"https:\/\/www.ate-drainage.com\/wp-content\/uploads\/2024\/06\/Drainage_paysager_et_TP_parc.jpg 542w, https:\/\/www.ate-drainage.com\/wp-content\/uploads\/2024\/06\/Drainage_paysager_et_TP_parc-300x166.jpg 300w\" sizes=\"(max-width: 542px) 100vw, 542px\" \/><\/figure>\n<\/div>\n\n\n\n<div class=\"wp-block-column is-layout-flow wp-block-column-is-layout-flow\">\n<figure class=\"wp-block-image size-large is-resized\"><img decoding=\"async\" width=\"1024\" height=\"1024\" src=\"https:\/\/www.ate-drainage.com\/wp-content\/uploads\/2024\/07\/ATE_picto-Drainage-PAYSAGER-TP_563-16-1024x1024.png\" alt=\"Drainage paysager et TP\" class=\"wp-image-5711\" style=\"width:100px\" srcset=\"https:\/\/www.ate-drainage.com\/wp-content\/uploads\/2024\/07\/ATE_picto-Drainage-PAYSAGER-TP_563-16-1024x1024.png 1024w, https:\/\/www.ate-drainage.com\/wp-content\/uploads\/2024\/07\/ATE_picto-Drainage-PAYSAGER-TP_563-16-300x300.png 300w, https:\/\/www.ate-drainage.com\/wp-content\/uploads\/2024\/07\/ATE_picto-Drainage-PAYSAGER-TP_563-16-150x150.png 150w, https:\/\/www.ate-drainage.com\/wp-content\/uploads\/2024\/07\/ATE_picto-Drainage-PAYSAGER-TP_563-16-768x768.png 768w, https:\/\/www.ate-drainage.com\/wp-content\/uploads\/2024\/07\/ATE_picto-Drainage-PAYSAGER-TP_563-16.png 1250w\" sizes=\"(max-width: 1024px) 100vw, 1024px\" \/><\/figure>\n\n\n\n<h2 class=\"wp-block-heading\">DRENAJE PAISAJ\u00cdSTICO Y OBRAS P\u00daBLICAS: GARANTICE LA SALUD DE SUS ESPACIOS VERDES Y ESTRUCTURAS PROTEGI\u00c9NDOLOS DEL EXCESO DE HUMEDAD<\/h2>\n\n\n\n<p>El drenaje es esencial en las zonas ajardinadas, ya sea para facilitar el crecimiento de plantas y c\u00e9spedes o para prolongar la vida \u00fatil de sus superficies pavimentadas.<\/p>\n\n\n\n<p><\/p>\n<\/div>\n<\/div>\n\n\n\n<p>ATE, expertos en soluciones de drenaje para diversas aplicaciones, puede guiarle en el drenaje paisaj\u00edstico, esencial para evitar problemas de erosi\u00f3n, inundaciones y mantener la salud de las plantas. En el \u00e1mbito de las obras p\u00fablicas, una buena gesti\u00f3n del drenaje contribuye a prolongar la vida \u00fatil de las infraestructuras.<\/p>\n\n\n\n<p>Ya sea usted un particular, un profesional del paisaje o de las obras p\u00fablicas, un arquitecto o un ingeniero, inf\u00f3rmese sobre las t\u00e9cnicas y soluciones eficaces para una gesti\u00f3n \u00f3ptima del agua.<\/p>\n\n\n\n<h2 class=\"wp-block-heading\"><br>\u00bfQU\u00c9 ES EL DRENAJE PAISAJ\u00cdSTICO?<\/h2>\n\n\n\n<p>El drenaje paisaj\u00edstico consiste en utilizar t\u00e9cnicas y sistemas para gestionar y controlar el flujo de agua de lluvia y subterr\u00e1nea en zonas ajardinadas. Una gesti\u00f3n eficaz del drenaje es crucial para evitar problemas de erosi\u00f3n e inundaciones y para mantener un entorno saludable para las plantas y las infraestructuras.<\/p>\n\n\n\n<p>En general, el drenaje paisaj\u00edstico implica el uso de t\u00e9cnicas espec\u00edficas para gestionar las aguas subterr\u00e1neas, entre las que se incluyen:<\/p>\n\n\n\n<ul class=\"wp-block-list\">\n<li>Zanjas de drenaje \/ Cuidado, ATE las desaconseja porque la llegada de vegetaci\u00f3n y elementos finos acaba por atascar el sistema.<\/li>\n\n\n\n<li>Drenaje subterr\u00e1neo<\/li>\n\n\n\n<li>Zanjas con vegetaci\u00f3n<\/li>\n<\/ul>\n\n\n\n<p>El drenaje subterr\u00e1neo utiliza redes de tuber\u00edas enterradas para evacuar el exceso de agua lejos de las zonas problem\u00e1ticas. Este sistema suele utilizarse en zonas donde el suelo no permite un drenaje natural eficaz.<\/p>\n\n\n\n<h2 class=\"wp-block-heading\">LA IMPORTANCIA DEL DRENAJE EN EL PAISAJISMO Y LAS OBRAS P\u00daBLICAS<\/h2>\n\n\n\n<h3 class=\"wp-block-heading\">DRENAJE EN JARDINES, PARQUES Y ESPACIOS VERDES<\/h3>\n\n\n\n<p>El agua es esencial para el crecimiento saludable de las plantas. Pero si no se gestiona adecuadamente, puede causar graves da\u00f1os a sus plantas. Antes de enfrentarse a da\u00f1os inesperados, y a los costes que conllevan, recuerde incluir el drenaje en su proyecto inicial.<\/p>\n\n\n\n<p>Conviene realizar un estudio del terreno y de la calidad del suelo, ya que ello le permitir\u00e1 adaptar mejor los distintos elementos necesarios para crear el jard\u00edn ideal.<br>El drenaje de la parcela consiste en regular la humedad del suelo para evitar que las ra\u00edces de las distintas plantas queden asfixiadas por el exceso de agua. El drenaje facilita las labores de mantenimiento, como la siega, haciendo que el terreno sea transitable y de f\u00e1cil acceso. Los senderistas tendr\u00e1n los pies m\u00e1s secos. El suelo drenado es m\u00e1s resistente al pisoteo y al uso frecuente.<\/p>\n\n\n\n<p>Por lo tanto, el dise\u00f1o de un plan de paisajismo es esencial para todos los trabajos de paisajismo, realizados de acuerdo con las normas del oficio.<\/p>\n\n\n\n<h3 class=\"wp-block-heading\">DRENAJE EN INFRAESTRUCTURAS Y OBRAS P\u00daBLICAS<\/h3>\n\n\n\n<p>La instalaci\u00f3n de un drenaje bajo las carreteras y sus arcenes, los caminos peatonales y otras estructuras ayuda a combatir los efectos del exceso de agua, que puede da\u00f1ar las estructuras.<br>Tanto si se instala bajo un aparcamiento, una rotonda, una calzada, una carretera o estructuras construidas con materiales permeables para cumplir los requisitos de impermeabilizaci\u00f3n, un drenaje debe cumplir dos funciones:<\/p>\n\n\n\n<ul class=\"wp-block-list\">\n<li>Proteger la estructura del exceso de agua en el suelo bajo ella.<\/li>\n\n\n\n<li>Transportar el agua que se filtra a trav\u00e9s de los pavimentos porosos.<\/li>\n<\/ul>\n\n\n\n<p>Por tanto, un drenaje eficaz es crucial, ya que preserva la estabilidad del suelo para evitar problemas estructurales.<\/p>\n\n\n\n<ul class=\"wp-block-list\">\n<li>Protege las carreteras y los pavimentos evitando la formaci\u00f3n de charcos y grietas causados por la acumulaci\u00f3n de agua en el suelo.<\/li>\n\n\n\n<li>Previene la erosi\u00f3n y evita que el suelo sea arrastrado por las aguas de escorrent\u00eda.<\/li>\n\n\n\n<li>Garantiza la longevidad de las infraestructuras reduciendo el desgaste causado por la humedad y el agua estancada.<\/li>\n<\/ul>\n\n\n\n<h3 class=\"wp-block-heading\">BUENAS PR\u00c1CTICAS Y MANTENIMIENTO<\/h3>\n\n\n\n<h4 class=\"wp-block-heading\">Gesti\u00f3n de las pendientes<\/h4>\n\n\n\n<p>Las diferentes pendientes de su parcela deben corregirse al realizar sus movimientos de tierra y paisajismo, y nunca deben dirigirse hacia las estructuras. El agua debe ser absorbida por el suelo y las plantas, y el exceso de agua de escorrent\u00eda debe redirigirse hacia zanjas o cunetas, y luego almacenarse para su infiltraci\u00f3n o reutilizaci\u00f3n.<\/p>\n\n\n\n<p>La topograf\u00eda tambi\u00e9n se tendr\u00e1 en cuenta para la instalaci\u00f3n de infraestructuras de obras p\u00fablicas, y deber\u00e1 mantenerse una pendiente que favorezca la escorrent\u00eda de las aguas superficiales y que tambi\u00e9n se redirija hacia el almacenamiento o la infiltraci\u00f3n.<\/p>\n\n\n\n<h4 class=\"wp-block-heading\">Inspecci\u00f3n peri\u00f3dica<\/h4>\n\n\n\n<p>Es importante revisar peri\u00f3dicamente los sistemas de drenaje instalados en busca de obstrucciones o da\u00f1os.<\/p>\n\n\n\n<h2 class=\"wp-block-heading\">SOLUCIONES PARA UN DRENAJE PAISAJ\u00cdSTICO Y DE TP EFICAZ<\/h2>\n\n\n\n<p>El drenaje es esencial para controlar el agua en el suelo y para mantener el atractivo est\u00e9tico y la durabilidad de su paisajismo.<\/p>\n\n\n\n<p>En Francia, en el 80% de los casos, los profesionales y los particulares utilizan el drenaje convencional con geotextil y grava para los espacios verdes y jardines, con el objetivo de garantizar las 3 funciones clave de un buen drenaje:<\/p>\n\n\n\n<ul class=\"wp-block-list\">\n<li>Filtrar el agua reduciendo el riesgo de obstrucci\u00f3n<\/li>\n\n\n\n<li>Recoger y distribuir el exceso de agua, para evitar su estancamiento<\/li>\n\n\n\n<li>Proteger el drenaje de la compresi\u00f3n mec\u00e1nica y los impactos, para garantizar la longevidad de la instalaci\u00f3n.<\/li>\n<\/ul>\n\n\n\n<p>A menudo se comete el error de intentar recoger el agua de escorrent\u00eda, pensando que el paquete de grava alrededor del drenaje puede actuar como un embudo. El agua de escorrent\u00eda fluye demasiado deprisa y en una cantidad demasiado grande para ser absorbida por un desag\u00fce, que no es su finalidad: un desag\u00fce regula la humedad ya presente en el suelo.<\/p>\n\n\n\n<p>El agua que intentamos hacer llegar a los desag\u00fces a trav\u00e9s de los lechos de grava est\u00e1 cargada de elementos finos (polvo) y vegetaci\u00f3n, que a muy corto plazo obstruyen la grava. El agua de escorrent\u00eda debe controlarse en superficie (cunetas, zanjas, etc.).<\/p>\n\n\n\n<p>El drenaje con geotextil sobre la grava no es muy eficaz, pero suele ser dif\u00edcil de aplicar y poco respetuoso con el medio ambiente. El transporte de grava y la extracci\u00f3n de \u00e1ridos tienen un gran impacto medioambiental.<\/p>\n\n\n\n<p>ATE ha dise\u00f1ado <a href=\"https:\/\/www.ate-drainage.com\/es\/produits\/dren-recubierto-de-fibra-de-pp-sin-grava-para-parcelas\/\">el drenaje para parcelas FIBERDRAIN TP\u00ae<\/a> para responder a todos estos retos: una instalaci\u00f3n eficaz y duradera, una instalaci\u00f3n menos ardua y una huella de carbono reducida.<\/p>\n\n\n\n<h2 class=\"wp-block-heading\">CARACTER\u00cdSTICAS DEL SUMIDERO SIN GRAVA FIBERDRAIN TP<\/h2>\n\n\n\n<ul class=\"wp-block-list\">\n<li>El sistema FIBERDRAIN TP\u00ae est\u00e1 dise\u00f1ado <strong>para eliminar por completo la necesidad de grava<\/strong>.<\/li>\n\n\n\n<li>La instalaci\u00f3n de FIBERDRAIN TP\u00ae es <strong>sencilla <\/strong>y no requiere conocimientos especiales. Puede ser instalado por bricoladores o aficionados siempre que el requisito b\u00e1sico sea crear una pendiente recta en el drenaje.<\/li>\n\n\n\n<li>FIBERDRAIN TP\u00ae, con su <strong>gran capacidad de drenaje<\/strong>, es capaz de gestionar eficazmente grandes cantidades de agua, ayudando a evitar que las parcelas se inunden.<\/li>\n<\/ul>\n\n\n\n<h2 class=\"wp-block-heading\">LAS DIVERSAS APLICACIONES DE FIBERDRAIN TP\u00ae&nbsp;:<\/h2>\n\n\n\n<p>DRENAJE PAISAJ\u00cdSTICO: Jardines privados y p\u00fablicos, Parques, Peque\u00f1as parcelas, Silvicultura, Vi\u00f1edos, Viveros y horticultura.<\/p>\n\n\n\n<p>DRENAJE SUBTERR\u00c1NEO: Losas de hormig\u00f3n en el exterior de edificios, dep\u00f3sitos todo agua, microestaciones, piscinas, balsas de retenci\u00f3n, etc.<\/p>\n\n\n\n<p>DRENAJE SUBTERR\u00c1NEO: Bajo calzadas asfaltadas (la ejecuci\u00f3n debe cumplir el fasc\u00edculo 70), cunetas, rotondas, bajo aparcamientos, bajo aceras, bajo calzadas compactadas, etc.<\/p>\n\n\n\n<figure class=\"wp-block-image size-full\"><img decoding=\"async\" width=\"700\" height=\"328\" src=\"https:\/\/www.ate-drainage.com\/wp-content\/uploads\/2024\/06\/ATE_Drainage_paysager_et_TP_Fiberdrain-TP.jpg\" alt=\"Drainage paysager et TP Fiberdrain TP\" class=\"wp-image-5665\" srcset=\"https:\/\/www.ate-drainage.com\/wp-content\/uploads\/2024\/06\/ATE_Drainage_paysager_et_TP_Fiberdrain-TP.jpg 700w, https:\/\/www.ate-drainage.com\/wp-content\/uploads\/2024\/06\/ATE_Drainage_paysager_et_TP_Fiberdrain-TP-300x141.jpg 300w\" sizes=\"(max-width: 700px) 100vw, 700px\" \/><\/figure>\n\n\n\n<p>Utilizando estas t\u00e9cnicas, el drenaje paisaj\u00edstico y TP no s\u00f3lo ayuda a proteger las plantas y las infraestructuras, sino que tambi\u00e9n contribuye a la gesti\u00f3n sostenible del agua, evitando inundaciones y reduciendo el impacto ambiental de las aguas de escorrent\u00eda.<\/p>\n","protected":false},"excerpt":{"rendered":"<p>DRENAJE PAISAJ\u00cdSTICO Y OBRAS P\u00daBLICAS: GARANTICE LA SALUD DE SUS ESPACIOS VERDES Y ESTRUCTURAS PROTEGI\u00c9NDOLOS DEL EXCESO DE HUMEDAD El drenaje es esencial en las zonas ajardinadas, ya sea para facilitar el crecimiento de plantas y c\u00e9spedes o para prolongar la vida \u00fatil de sus superficies pavimentadas. ATE, expertos en soluciones de drenaje para diversas [&hellip;]<\/p>\n","protected":false},"author":5,"featured_media":5668,"parent":0,"menu_order":0,"comment_status":"closed","ping_status":"closed","template":"","meta":{"_acf_changed":false,"footnotes":""},"class_list":["post-5776","page","type-page","status-publish","has-post-thumbnail","hentry"],"acf":[],"yoast_head":"<!-- This site is optimized with the Yoast SEO plugin v27.6 - https:\/\/yoast.com\/product\/yoast-seo-wordpress\/ -->\n<title>Drenaje paisajistico - ATE Drainage<\/title>\n<meta name=\"description\" content=\"Soluciones de drenaje para sus jardines, espacios verdes, parques y obras p\u00fablicas, con instalaci\u00f3n sin grava.\" \/>\n<meta name=\"robots\" content=\"noindex, nofollow\" \/>\n<meta property=\"og:locale\" content=\"es_ES\" \/>\n<meta property=\"og:type\" content=\"article\" \/>\n<meta property=\"og:title\" content=\"Drenaje paisajistico - ATE Drainage\" \/>\n<meta property=\"og:description\" content=\"Soluciones de drenaje para sus jardines, espacios verdes, parques y obras p\u00fablicas, con instalaci\u00f3n sin grava.\" \/>\n<meta property=\"og:url\" content=\"https:\/\/www.ate-drainage.com\/es\/drenaje-paisajistico\/\" \/>\n<meta property=\"og:site_name\" content=\"ATE Drainage\" \/>\n<meta property=\"article:modified_time\" content=\"2024-08-02T12:13:08+00:00\" \/>\n<meta property=\"og:image\" content=\"https:\/\/www.ate-drainage.com\/wp-content\/uploads\/2024\/06\/Drainage_paysager_et_TP.jpg\" \/>\n\t<meta property=\"og:image:width\" content=\"440\" \/>\n\t<meta property=\"og:image:height\" content=\"300\" \/>\n\t<meta property=\"og:image:type\" content=\"image\/jpeg\" \/>\n<meta name=\"twitter:card\" content=\"summary_large_image\" \/>\n<meta name=\"twitter:label1\" content=\"Tiempo de lectura\" \/>\n\t<meta name=\"twitter:data1\" content=\"7 minutos\" \/>\n<!-- \/ Yoast SEO plugin. -->","yoast_head_json":{"title":"Drenaje paisajistico - ATE Drainage","description":"Soluciones de drenaje para sus jardines, espacios verdes, parques y obras p\u00fablicas, con instalaci\u00f3n sin grava.","robots":{"index":"noindex","follow":"nofollow"},"og_locale":"es_ES","og_type":"article","og_title":"Drenaje paisajistico - ATE Drainage","og_description":"Soluciones de drenaje para sus jardines, espacios verdes, parques y obras p\u00fablicas, con instalaci\u00f3n sin grava.","og_url":"https:\/\/www.ate-drainage.com\/es\/drenaje-paisajistico\/","og_site_name":"ATE Drainage","article_modified_time":"2024-08-02T12:13:08+00:00","og_image":[{"width":440,"height":300,"url":"https:\/\/www.ate-drainage.com\/wp-content\/uploads\/2024\/06\/Drainage_paysager_et_TP.jpg","type":"image\/jpeg"}],"twitter_card":"summary_large_image","twitter_misc":{"Tiempo de lectura":"7 minutos"},"schema":{"@context":"https:\/\/schema.org","@graph":[{"@type":"WebPage","@id":"https:\/\/www.ate-drainage.com\/es\/drenaje-paisajistico\/","url":"https:\/\/www.ate-drainage.com\/es\/drenaje-paisajistico\/","name":"Drenaje paisajistico - ATE Drainage","isPartOf":{"@id":"https:\/\/www.ate-drainage.com\/es\/#website"},"primaryImageOfPage":{"@id":"https:\/\/www.ate-drainage.com\/es\/drenaje-paisajistico\/#primaryimage"},"image":{"@id":"https:\/\/www.ate-drainage.com\/es\/drenaje-paisajistico\/#primaryimage"},"thumbnailUrl":"https:\/\/www.ate-drainage.com\/wp-content\/uploads\/2024\/06\/Drainage_paysager_et_TP.jpg","datePublished":"2023-07-26T13:02:48+00:00","dateModified":"2024-08-02T12:13:08+00:00","description":"Soluciones de drenaje para sus jardines, espacios verdes, parques y obras p\u00fablicas, con instalaci\u00f3n sin grava.","breadcrumb":{"@id":"https:\/\/www.ate-drainage.com\/es\/drenaje-paisajistico\/#breadcrumb"},"inLanguage":"es","potentialAction":[{"@type":"ReadAction","target":["https:\/\/www.ate-drainage.com\/es\/drenaje-paisajistico\/"]}]},{"@type":"ImageObject","inLanguage":"es","@id":"https:\/\/www.ate-drainage.com\/es\/drenaje-paisajistico\/#primaryimage","url":"https:\/\/www.ate-drainage.com\/wp-content\/uploads\/2024\/06\/Drainage_paysager_et_TP.jpg","contentUrl":"https:\/\/www.ate-drainage.com\/wp-content\/uploads\/2024\/06\/Drainage_paysager_et_TP.jpg","width":440,"height":300,"caption":"Drainage paysager et TP"},{"@type":"BreadcrumbList","@id":"https:\/\/www.ate-drainage.com\/es\/drenaje-paisajistico\/#breadcrumb","itemListElement":[{"@type":"ListItem","position":1,"name":"P\u00e1gina de inicio","item":"https:\/\/www.ate-drainage.com\/es\/"},{"@type":"ListItem","position":2,"name":"Drenaje paisajistico"}]},{"@type":"WebSite","@id":"https:\/\/www.ate-drainage.com\/es\/#website","url":"https:\/\/www.ate-drainage.com\/es\/","name":"ATE DRAINAGE","description":"Drenaje, infiltraci\u00f3n y gesti\u00f3n de aguas pluviales","publisher":{"@id":"https:\/\/www.ate-drainage.com\/es\/#organization"},"alternateName":"ATE DRAINAGE","potentialAction":[{"@type":"SearchAction","target":{"@type":"EntryPoint","urlTemplate":"https:\/\/www.ate-drainage.com\/es\/?s={search_term_string}"},"query-input":{"@type":"PropertyValueSpecification","valueRequired":true,"valueName":"search_term_string"}}],"inLanguage":"es"},{"@type":"Organization","@id":"https:\/\/www.ate-drainage.com\/es\/#organization","name":"ATE DRAINAGE","alternateName":"ATE DRAINAGE","url":"https:\/\/www.ate-drainage.com\/es\/","logo":{"@type":"ImageObject","inLanguage":"es","@id":"https:\/\/www.ate-drainage.com\/es\/#\/schema\/logo\/image\/","url":"https:\/\/www.ate-drainage.com\/wp-content\/uploads\/2023\/07\/logo-ate-drainage-1.svg","contentUrl":"https:\/\/www.ate-drainage.com\/wp-content\/uploads\/2023\/07\/logo-ate-drainage-1.svg","width":172,"height":98,"caption":"ATE DRAINAGE"},"image":{"@id":"https:\/\/www.ate-drainage.com\/es\/#\/schema\/logo\/image\/"}}]}},"_links":{"self":[{"href":"https:\/\/www.ate-drainage.com\/es\/wp-json\/wp\/v2\/pages\/5776","targetHints":{"allow":["GET"]}}],"collection":[{"href":"https:\/\/www.ate-drainage.com\/es\/wp-json\/wp\/v2\/pages"}],"about":[{"href":"https:\/\/www.ate-drainage.com\/es\/wp-json\/wp\/v2\/types\/page"}],"author":[{"embeddable":true,"href":"https:\/\/www.ate-drainage.com\/es\/wp-json\/wp\/v2\/users\/5"}],"replies":[{"embeddable":true,"href":"https:\/\/www.ate-drainage.com\/es\/wp-json\/wp\/v2\/comments?post=5776"}],"version-history":[{"count":4,"href":"https:\/\/www.ate-drainage.com\/es\/wp-json\/wp\/v2\/pages\/5776\/revisions"}],"predecessor-version":[{"id":5904,"href":"https:\/\/www.ate-drainage.com\/es\/wp-json\/wp\/v2\/pages\/5776\/revisions\/5904"}],"wp:featuredmedia":[{"embeddable":true,"href":"https:\/\/www.ate-drainage.com\/es\/wp-json\/wp\/v2\/media\/5668"}],"wp:attachment":[{"href":"https:\/\/www.ate-drainage.com\/es\/wp-json\/wp\/v2\/media?parent=5776"}],"curies":[{"name":"wp","href":"https:\/\/api.w.org\/{rel}","templated":true}]}}