{"id":2680,"date":"2023-07-29T10:26:05","date_gmt":"2023-07-29T08:26:05","guid":{"rendered":"https:\/\/www.ate-drainage.com\/?post_type=product&#038;p=2680"},"modified":"2023-08-09T10:50:46","modified_gmt":"2023-08-09T08:50:46","slug":"tubo-de-pvc-reforzado-para-drenaje-de-edificios","status":"publish","type":"product","link":"https:\/\/www.ate-drainage.com\/es\/produits\/tubo-de-pvc-reforzado-para-drenaje-de-edificios\/","title":{"rendered":"Tubo de PVC reforzado para drenaje de edificios"},"excerpt":{"rendered":"<p>Tubo de evacuaci\u00f3n de edificios reforzado para encolar \u00d8 100<\/p>\n","protected":false},"featured_media":3586,"template":"","meta":{"_acf_changed":false},"product-category":[124],"product-activity":[139],"class_list":["post-2680","product","type-product","status-publish","has-post-thumbnail","hentry","product-category-evacuacion-de-las-aguas-en-el-exterior-de-los-edificios","product-activity-albaniles"],"acf":[],"yoast_head":"<!-- This site is optimized with the Yoast SEO plugin v27.5 - https:\/\/yoast.com\/product\/yoast-seo-wordpress\/ -->\n<title>Tubo de PVC reforzado para drenaje de edificios - ATE Drainage<\/title>\n<meta name=\"description\" content=\"Descubra nuestra gama de tubos de PVC reforzado \u00d8100 para el saneamiento de edificios, tubos espec\u00edficos para la evacuaci\u00f3n de aguas residuales o pluviales.\" \/>\n<meta name=\"robots\" content=\"index, follow, max-snippet:-1, max-image-preview:large, max-video-preview:-1\" \/>\n<link rel=\"canonical\" href=\"https:\/\/www.ate-drainage.com\/es\/produits\/tubo-de-pvc-reforzado-para-drenaje-de-edificios\/\" \/>\n<meta property=\"og:locale\" content=\"es_ES\" \/>\n<meta property=\"og:type\" content=\"article\" \/>\n<meta property=\"og:title\" content=\"Tubo de PVC reforzado para drenaje de edificios - ATE Drainage\" \/>\n<meta property=\"og:description\" content=\"Descubra nuestra gama de tubos de PVC reforzado \u00d8100 para el saneamiento de edificios, tubos espec\u00edficos para la evacuaci\u00f3n de aguas residuales o pluviales.\" \/>\n<meta property=\"og:url\" content=\"https:\/\/www.ate-drainage.com\/es\/produits\/tubo-de-pvc-reforzado-para-drenaje-de-edificios\/\" \/>\n<meta property=\"og:site_name\" content=\"ATE Drainage\" \/>\n<meta property=\"article:modified_time\" content=\"2023-08-09T08:50:46+00:00\" \/>\n<meta property=\"og:image\" content=\"https:\/\/www.ate-drainage.com\/wp-content\/uploads\/2023\/08\/ATE_Bativac_evacuation_Tube_renforce.jpg\" \/>\n\t<meta property=\"og:image:width\" content=\"680\" \/>\n\t<meta property=\"og:image:height\" content=\"400\" \/>\n\t<meta property=\"og:image:type\" content=\"image\/jpeg\" \/>\n<meta name=\"twitter:card\" content=\"summary_large_image\" \/>\n<script type=\"application\/ld+json\" class=\"yoast-schema-graph\">{\"@context\":\"https:\\\/\\\/schema.org\",\"@graph\":[{\"@type\":\"WebPage\",\"@id\":\"https:\\\/\\\/www.ate-drainage.com\\\/es\\\/produits\\\/tubo-de-pvc-reforzado-para-drenaje-de-edificios\\\/\",\"url\":\"https:\\\/\\\/www.ate-drainage.com\\\/es\\\/produits\\\/tubo-de-pvc-reforzado-para-drenaje-de-edificios\\\/\",\"name\":\"Tubo de PVC reforzado para drenaje de edificios - ATE Drainage\",\"isPartOf\":{\"@id\":\"https:\\\/\\\/www.ate-drainage.com\\\/es\\\/#website\"},\"primaryImageOfPage\":{\"@id\":\"https:\\\/\\\/www.ate-drainage.com\\\/es\\\/produits\\\/tubo-de-pvc-reforzado-para-drenaje-de-edificios\\\/#primaryimage\"},\"image\":{\"@id\":\"https:\\\/\\\/www.ate-drainage.com\\\/es\\\/produits\\\/tubo-de-pvc-reforzado-para-drenaje-de-edificios\\\/#primaryimage\"},\"thumbnailUrl\":\"https:\\\/\\\/www.ate-drainage.com\\\/wp-content\\\/uploads\\\/2023\\\/08\\\/ATE_Bativac_evacuation_Tube_renforce.jpg\",\"datePublished\":\"2023-07-29T08:26:05+00:00\",\"dateModified\":\"2023-08-09T08:50:46+00:00\",\"description\":\"Descubra nuestra gama de tubos de PVC reforzado \u00d8100 para el saneamiento de edificios, tubos espec\u00edficos para la evacuaci\u00f3n de aguas residuales o pluviales.\",\"breadcrumb\":{\"@id\":\"https:\\\/\\\/www.ate-drainage.com\\\/es\\\/produits\\\/tubo-de-pvc-reforzado-para-drenaje-de-edificios\\\/#breadcrumb\"},\"inLanguage\":\"es\",\"potentialAction\":[{\"@type\":\"ReadAction\",\"target\":[\"https:\\\/\\\/www.ate-drainage.com\\\/es\\\/produits\\\/tubo-de-pvc-reforzado-para-drenaje-de-edificios\\\/\"]}]},{\"@type\":\"ImageObject\",\"inLanguage\":\"es\",\"@id\":\"https:\\\/\\\/www.ate-drainage.com\\\/es\\\/produits\\\/tubo-de-pvc-reforzado-para-drenaje-de-edificios\\\/#primaryimage\",\"url\":\"https:\\\/\\\/www.ate-drainage.com\\\/wp-content\\\/uploads\\\/2023\\\/08\\\/ATE_Bativac_evacuation_Tube_renforce.jpg\",\"contentUrl\":\"https:\\\/\\\/www.ate-drainage.com\\\/wp-content\\\/uploads\\\/2023\\\/08\\\/ATE_Bativac_evacuation_Tube_renforce.jpg\",\"width\":680,\"height\":400,\"caption\":\"ATE Bativac Tube \u00e9vacuation renforc\u00e9 SN4 ou SN8\"},{\"@type\":\"BreadcrumbList\",\"@id\":\"https:\\\/\\\/www.ate-drainage.com\\\/es\\\/produits\\\/tubo-de-pvc-reforzado-para-drenaje-de-edificios\\\/#breadcrumb\",\"itemListElement\":[{\"@type\":\"ListItem\",\"position\":1,\"name\":\"P\u00e1gina de inicio\",\"item\":\"https:\\\/\\\/www.ate-drainage.com\\\/es\\\/\"},{\"@type\":\"ListItem\",\"position\":2,\"name\":\"Nuestras soluciones\",\"item\":\"https:\\\/\\\/www.ate-drainage.com\\\/es\\\/produits\\\/\"},{\"@type\":\"ListItem\",\"position\":3,\"name\":\"Evacuaci\u00f3n de las aguas\",\"item\":\"https:\\\/\\\/www.ate-drainage.com\\\/es\\\/produits\\\/categorie\\\/evacuacion\\\/\"},{\"@type\":\"ListItem\",\"position\":4,\"name\":\"Evacuaci\u00f3n de las aguas en el exterior de los edificios\",\"item\":\"https:\\\/\\\/www.ate-drainage.com\\\/es\\\/produits\\\/categorie\\\/evacuacion-de-las-aguas-en-el-exterior-de-los-edificios\\\/\"},{\"@type\":\"ListItem\",\"position\":5,\"name\":\"Tubo de PVC reforzado para drenaje de edificios\"}]},{\"@type\":\"WebSite\",\"@id\":\"https:\\\/\\\/www.ate-drainage.com\\\/es\\\/#website\",\"url\":\"https:\\\/\\\/www.ate-drainage.com\\\/es\\\/\",\"name\":\"ATE DRAINAGE\",\"description\":\"Drenaje, infiltraci\u00f3n y gesti\u00f3n de aguas pluviales\",\"publisher\":{\"@id\":\"https:\\\/\\\/www.ate-drainage.com\\\/es\\\/#organization\"},\"alternateName\":\"ATE DRAINAGE\",\"potentialAction\":[{\"@type\":\"SearchAction\",\"target\":{\"@type\":\"EntryPoint\",\"urlTemplate\":\"https:\\\/\\\/www.ate-drainage.com\\\/es\\\/?s={search_term_string}\"},\"query-input\":{\"@type\":\"PropertyValueSpecification\",\"valueRequired\":true,\"valueName\":\"search_term_string\"}}],\"inLanguage\":\"es\"},{\"@type\":\"Organization\",\"@id\":\"https:\\\/\\\/www.ate-drainage.com\\\/es\\\/#organization\",\"name\":\"ATE DRAINAGE\",\"alternateName\":\"ATE DRAINAGE\",\"url\":\"https:\\\/\\\/www.ate-drainage.com\\\/es\\\/\",\"logo\":{\"@type\":\"ImageObject\",\"inLanguage\":\"es\",\"@id\":\"https:\\\/\\\/www.ate-drainage.com\\\/es\\\/#\\\/schema\\\/logo\\\/image\\\/\",\"url\":\"https:\\\/\\\/www.ate-drainage.com\\\/wp-content\\\/uploads\\\/2023\\\/07\\\/logo-ate-drainage-1.svg\",\"contentUrl\":\"https:\\\/\\\/www.ate-drainage.com\\\/wp-content\\\/uploads\\\/2023\\\/07\\\/logo-ate-drainage-1.svg\",\"width\":172,\"height\":98,\"caption\":\"ATE DRAINAGE\"},\"image\":{\"@id\":\"https:\\\/\\\/www.ate-drainage.com\\\/es\\\/#\\\/schema\\\/logo\\\/image\\\/\"}}]}<\/script>\n<!-- \/ Yoast SEO plugin. -->","yoast_head_json":{"title":"Tubo de PVC reforzado para drenaje de edificios - ATE Drainage","description":"Descubra nuestra gama de tubos de PVC reforzado \u00d8100 para el saneamiento de edificios, tubos espec\u00edficos para la evacuaci\u00f3n de aguas residuales o pluviales.","robots":{"index":"index","follow":"follow","max-snippet":"max-snippet:-1","max-image-preview":"max-image-preview:large","max-video-preview":"max-video-preview:-1"},"canonical":"https:\/\/www.ate-drainage.com\/es\/produits\/tubo-de-pvc-reforzado-para-drenaje-de-edificios\/","og_locale":"es_ES","og_type":"article","og_title":"Tubo de PVC reforzado para drenaje de edificios - ATE Drainage","og_description":"Descubra nuestra gama de tubos de PVC reforzado \u00d8100 para el saneamiento de edificios, tubos espec\u00edficos para la evacuaci\u00f3n de aguas residuales o pluviales.","og_url":"https:\/\/www.ate-drainage.com\/es\/produits\/tubo-de-pvc-reforzado-para-drenaje-de-edificios\/","og_site_name":"ATE Drainage","article_modified_time":"2023-08-09T08:50:46+00:00","og_image":[{"width":680,"height":400,"url":"https:\/\/www.ate-drainage.com\/wp-content\/uploads\/2023\/08\/ATE_Bativac_evacuation_Tube_renforce.jpg","type":"image\/jpeg"}],"twitter_card":"summary_large_image","schema":{"@context":"https:\/\/schema.org","@graph":[{"@type":"WebPage","@id":"https:\/\/www.ate-drainage.com\/es\/produits\/tubo-de-pvc-reforzado-para-drenaje-de-edificios\/","url":"https:\/\/www.ate-drainage.com\/es\/produits\/tubo-de-pvc-reforzado-para-drenaje-de-edificios\/","name":"Tubo de PVC reforzado para drenaje de edificios - ATE Drainage","isPartOf":{"@id":"https:\/\/www.ate-drainage.com\/es\/#website"},"primaryImageOfPage":{"@id":"https:\/\/www.ate-drainage.com\/es\/produits\/tubo-de-pvc-reforzado-para-drenaje-de-edificios\/#primaryimage"},"image":{"@id":"https:\/\/www.ate-drainage.com\/es\/produits\/tubo-de-pvc-reforzado-para-drenaje-de-edificios\/#primaryimage"},"thumbnailUrl":"https:\/\/www.ate-drainage.com\/wp-content\/uploads\/2023\/08\/ATE_Bativac_evacuation_Tube_renforce.jpg","datePublished":"2023-07-29T08:26:05+00:00","dateModified":"2023-08-09T08:50:46+00:00","description":"Descubra nuestra gama de tubos de PVC reforzado \u00d8100 para el saneamiento de edificios, tubos espec\u00edficos para la evacuaci\u00f3n de aguas residuales o pluviales.","breadcrumb":{"@id":"https:\/\/www.ate-drainage.com\/es\/produits\/tubo-de-pvc-reforzado-para-drenaje-de-edificios\/#breadcrumb"},"inLanguage":"es","potentialAction":[{"@type":"ReadAction","target":["https:\/\/www.ate-drainage.com\/es\/produits\/tubo-de-pvc-reforzado-para-drenaje-de-edificios\/"]}]},{"@type":"ImageObject","inLanguage":"es","@id":"https:\/\/www.ate-drainage.com\/es\/produits\/tubo-de-pvc-reforzado-para-drenaje-de-edificios\/#primaryimage","url":"https:\/\/www.ate-drainage.com\/wp-content\/uploads\/2023\/08\/ATE_Bativac_evacuation_Tube_renforce.jpg","contentUrl":"https:\/\/www.ate-drainage.com\/wp-content\/uploads\/2023\/08\/ATE_Bativac_evacuation_Tube_renforce.jpg","width":680,"height":400,"caption":"ATE Bativac Tube \u00e9vacuation renforc\u00e9 SN4 ou SN8"},{"@type":"BreadcrumbList","@id":"https:\/\/www.ate-drainage.com\/es\/produits\/tubo-de-pvc-reforzado-para-drenaje-de-edificios\/#breadcrumb","itemListElement":[{"@type":"ListItem","position":1,"name":"P\u00e1gina de inicio","item":"https:\/\/www.ate-drainage.com\/es\/"},{"@type":"ListItem","position":2,"name":"Nuestras soluciones","item":"https:\/\/www.ate-drainage.com\/es\/produits\/"},{"@type":"ListItem","position":3,"name":"Evacuaci\u00f3n de las aguas","item":"https:\/\/www.ate-drainage.com\/es\/produits\/categorie\/evacuacion\/"},{"@type":"ListItem","position":4,"name":"Evacuaci\u00f3n de las aguas en el exterior de los edificios","item":"https:\/\/www.ate-drainage.com\/es\/produits\/categorie\/evacuacion-de-las-aguas-en-el-exterior-de-los-edificios\/"},{"@type":"ListItem","position":5,"name":"Tubo de PVC reforzado para drenaje de edificios"}]},{"@type":"WebSite","@id":"https:\/\/www.ate-drainage.com\/es\/#website","url":"https:\/\/www.ate-drainage.com\/es\/","name":"ATE DRAINAGE","description":"Drenaje, infiltraci\u00f3n y gesti\u00f3n de aguas pluviales","publisher":{"@id":"https:\/\/www.ate-drainage.com\/es\/#organization"},"alternateName":"ATE DRAINAGE","potentialAction":[{"@type":"SearchAction","target":{"@type":"EntryPoint","urlTemplate":"https:\/\/www.ate-drainage.com\/es\/?s={search_term_string}"},"query-input":{"@type":"PropertyValueSpecification","valueRequired":true,"valueName":"search_term_string"}}],"inLanguage":"es"},{"@type":"Organization","@id":"https:\/\/www.ate-drainage.com\/es\/#organization","name":"ATE DRAINAGE","alternateName":"ATE DRAINAGE","url":"https:\/\/www.ate-drainage.com\/es\/","logo":{"@type":"ImageObject","inLanguage":"es","@id":"https:\/\/www.ate-drainage.com\/es\/#\/schema\/logo\/image\/","url":"https:\/\/www.ate-drainage.com\/wp-content\/uploads\/2023\/07\/logo-ate-drainage-1.svg","contentUrl":"https:\/\/www.ate-drainage.com\/wp-content\/uploads\/2023\/07\/logo-ate-drainage-1.svg","width":172,"height":98,"caption":"ATE DRAINAGE"},"image":{"@id":"https:\/\/www.ate-drainage.com\/es\/#\/schema\/logo\/image\/"}}]}},"_links":{"self":[{"href":"https:\/\/www.ate-drainage.com\/es\/wp-json\/wp\/v2\/product\/2680","targetHints":{"allow":["GET"]}}],"collection":[{"href":"https:\/\/www.ate-drainage.com\/es\/wp-json\/wp\/v2\/product"}],"about":[{"href":"https:\/\/www.ate-drainage.com\/es\/wp-json\/wp\/v2\/types\/product"}],"version-history":[{"count":6,"href":"https:\/\/www.ate-drainage.com\/es\/wp-json\/wp\/v2\/product\/2680\/revisions"}],"predecessor-version":[{"id":3958,"href":"https:\/\/www.ate-drainage.com\/es\/wp-json\/wp\/v2\/product\/2680\/revisions\/3958"}],"wp:featuredmedia":[{"embeddable":true,"href":"https:\/\/www.ate-drainage.com\/es\/wp-json\/wp\/v2\/media\/3586"}],"wp:attachment":[{"href":"https:\/\/www.ate-drainage.com\/es\/wp-json\/wp\/v2\/media?parent=2680"}],"wp:term":[{"taxonomy":"product-category","embeddable":true,"href":"https:\/\/www.ate-drainage.com\/es\/wp-json\/wp\/v2\/product-category?post=2680"},{"taxonomy":"product-activity","embeddable":true,"href":"https:\/\/www.ate-drainage.com\/es\/wp-json\/wp\/v2\/product-activity?post=2680"}],"curies":[{"name":"wp","href":"https:\/\/api.w.org\/{rel}","templated":true}]}}