{"id":2717,"date":"2023-07-28T10:46:13","date_gmt":"2023-07-28T08:46:13","guid":{"rendered":"https:\/\/www.ate-drainage.com\/?post_type=product&#038;p=2717"},"modified":"2025-08-07T17:08:32","modified_gmt":"2025-08-07T15:08:32","slug":"infiltratube-sn4","status":"publish","type":"product","link":"https:\/\/www.ate-drainage.com\/es\/produits\/infiltratube-sn4\/","title":{"rendered":"Infiltratube SN4 sin grava"},"excerpt":{"rendered":"<p>Soluci\u00f3n para la infiltraci\u00f3n en la parcela con instalaci\u00f3n sin grava<\/p>\n","protected":false},"featured_media":7568,"template":"","meta":{"_acf_changed":false},"product-category":[114],"product-activity":[135,140,137,136],"class_list":["post-2717","product","type-product","status-publish","has-post-thumbnail","hentry","product-category-sistemas-de-infiltracion-de-las-aguas","product-activity-arquitectos","product-activity-directores-de-obra","product-activity-oficinas-de-control","product-activity-oficinas-tecnicas"],"acf":[],"yoast_head":"<!-- This site is optimized with the Yoast SEO plugin v27.5 - https:\/\/yoast.com\/product\/yoast-seo-wordpress\/ -->\n<title>Infiltraci\u00f3n sin grava - Infiltratube SN4 - ATE Drainage<\/title>\n<meta name=\"description\" content=\"Descubra INFILTRATUBE SN4, nuestra soluci\u00f3n para la infiltraci\u00f3n in situ con instalaci\u00f3n sin grava, posible en todo tipo de suelos.\" \/>\n<meta name=\"robots\" content=\"index, follow, max-snippet:-1, max-image-preview:large, max-video-preview:-1\" \/>\n<link rel=\"canonical\" href=\"https:\/\/www.ate-drainage.com\/es\/produits\/infiltratube-sn4\/\" \/>\n<meta property=\"og:locale\" content=\"es_ES\" \/>\n<meta property=\"og:type\" content=\"article\" \/>\n<meta property=\"og:title\" content=\"Infiltraci\u00f3n sin grava - Infiltratube SN4 - ATE Drainage\" \/>\n<meta property=\"og:description\" content=\"Descubra INFILTRATUBE SN4, nuestra soluci\u00f3n para la infiltraci\u00f3n in situ con instalaci\u00f3n sin grava, posible en todo tipo de suelos.\" \/>\n<meta property=\"og:url\" content=\"https:\/\/www.ate-drainage.com\/es\/produits\/infiltratube-sn4\/\" \/>\n<meta property=\"og:site_name\" content=\"ATE Drainage\" \/>\n<meta property=\"article:modified_time\" content=\"2025-08-07T15:08:32+00:00\" \/>\n<meta property=\"og:image\" content=\"https:\/\/www.ate-drainage.com\/wp-content\/uploads\/2023\/07\/ATE_Infiltratube_infiltration_des_eaux_a_la_parcelle_noir.jpg\" \/>\n\t<meta property=\"og:image:width\" content=\"680\" \/>\n\t<meta property=\"og:image:height\" content=\"400\" \/>\n\t<meta property=\"og:image:type\" content=\"image\/jpeg\" \/>\n<meta name=\"twitter:card\" content=\"summary_large_image\" \/>\n<meta name=\"twitter:label1\" content=\"Tiempo de lectura\" \/>\n\t<meta name=\"twitter:data1\" content=\"1 minuto\" \/>\n<script type=\"application\/ld+json\" class=\"yoast-schema-graph\">{\"@context\":\"https:\\\/\\\/schema.org\",\"@graph\":[{\"@type\":\"WebPage\",\"@id\":\"https:\\\/\\\/www.ate-drainage.com\\\/es\\\/produits\\\/infiltratube-sn4\\\/\",\"url\":\"https:\\\/\\\/www.ate-drainage.com\\\/es\\\/produits\\\/infiltratube-sn4\\\/\",\"name\":\"Infiltraci\u00f3n sin grava - Infiltratube SN4 - ATE Drainage\",\"isPartOf\":{\"@id\":\"https:\\\/\\\/www.ate-drainage.com\\\/es\\\/#website\"},\"primaryImageOfPage\":{\"@id\":\"https:\\\/\\\/www.ate-drainage.com\\\/es\\\/produits\\\/infiltratube-sn4\\\/#primaryimage\"},\"image\":{\"@id\":\"https:\\\/\\\/www.ate-drainage.com\\\/es\\\/produits\\\/infiltratube-sn4\\\/#primaryimage\"},\"thumbnailUrl\":\"https:\\\/\\\/www.ate-drainage.com\\\/wp-content\\\/uploads\\\/2023\\\/07\\\/ATE_Infiltratube_infiltration_des_eaux_a_la_parcelle_noir.jpg\",\"datePublished\":\"2023-07-28T08:46:13+00:00\",\"dateModified\":\"2025-08-07T15:08:32+00:00\",\"description\":\"Descubra INFILTRATUBE SN4, nuestra soluci\u00f3n para la infiltraci\u00f3n in situ con instalaci\u00f3n sin grava, posible en todo tipo de suelos.\",\"breadcrumb\":{\"@id\":\"https:\\\/\\\/www.ate-drainage.com\\\/es\\\/produits\\\/infiltratube-sn4\\\/#breadcrumb\"},\"inLanguage\":\"es\",\"potentialAction\":[{\"@type\":\"ReadAction\",\"target\":[\"https:\\\/\\\/www.ate-drainage.com\\\/es\\\/produits\\\/infiltratube-sn4\\\/\"]}]},{\"@type\":\"ImageObject\",\"inLanguage\":\"es\",\"@id\":\"https:\\\/\\\/www.ate-drainage.com\\\/es\\\/produits\\\/infiltratube-sn4\\\/#primaryimage\",\"url\":\"https:\\\/\\\/www.ate-drainage.com\\\/wp-content\\\/uploads\\\/2023\\\/07\\\/ATE_Infiltratube_infiltration_des_eaux_a_la_parcelle_noir.jpg\",\"contentUrl\":\"https:\\\/\\\/www.ate-drainage.com\\\/wp-content\\\/uploads\\\/2023\\\/07\\\/ATE_Infiltratube_infiltration_des_eaux_a_la_parcelle_noir.jpg\",\"width\":680,\"height\":400,\"caption\":\"ATE Infiltratube infiltration des eaux \u00e0 la parcelle\"},{\"@type\":\"BreadcrumbList\",\"@id\":\"https:\\\/\\\/www.ate-drainage.com\\\/es\\\/produits\\\/infiltratube-sn4\\\/#breadcrumb\",\"itemListElement\":[{\"@type\":\"ListItem\",\"position\":1,\"name\":\"P\u00e1gina de inicio\",\"item\":\"https:\\\/\\\/www.ate-drainage.com\\\/es\\\/\"},{\"@type\":\"ListItem\",\"position\":2,\"name\":\"Nuestras soluciones\",\"item\":\"https:\\\/\\\/www.ate-drainage.com\\\/es\\\/produits\\\/\"},{\"@type\":\"ListItem\",\"position\":3,\"name\":\"Infiltraci\u00f3n y tratamiento\",\"item\":\"https:\\\/\\\/www.ate-drainage.com\\\/es\\\/produits\\\/categorie\\\/infiltracion-y-tratamiento\\\/\"},{\"@type\":\"ListItem\",\"position\":4,\"name\":\"Sistemas de infiltraci\u00f3n de las aguas\",\"item\":\"https:\\\/\\\/www.ate-drainage.com\\\/es\\\/produits\\\/categorie\\\/sistemas-de-infiltracion-de-las-aguas\\\/\"},{\"@type\":\"ListItem\",\"position\":5,\"name\":\"Infiltratube SN4 sin grava\"}]},{\"@type\":\"WebSite\",\"@id\":\"https:\\\/\\\/www.ate-drainage.com\\\/es\\\/#website\",\"url\":\"https:\\\/\\\/www.ate-drainage.com\\\/es\\\/\",\"name\":\"ATE DRAINAGE\",\"description\":\"Drenaje, infiltraci\u00f3n y gesti\u00f3n de aguas pluviales\",\"publisher\":{\"@id\":\"https:\\\/\\\/www.ate-drainage.com\\\/es\\\/#organization\"},\"alternateName\":\"ATE DRAINAGE\",\"potentialAction\":[{\"@type\":\"SearchAction\",\"target\":{\"@type\":\"EntryPoint\",\"urlTemplate\":\"https:\\\/\\\/www.ate-drainage.com\\\/es\\\/?s={search_term_string}\"},\"query-input\":{\"@type\":\"PropertyValueSpecification\",\"valueRequired\":true,\"valueName\":\"search_term_string\"}}],\"inLanguage\":\"es\"},{\"@type\":\"Organization\",\"@id\":\"https:\\\/\\\/www.ate-drainage.com\\\/es\\\/#organization\",\"name\":\"ATE DRAINAGE\",\"alternateName\":\"ATE DRAINAGE\",\"url\":\"https:\\\/\\\/www.ate-drainage.com\\\/es\\\/\",\"logo\":{\"@type\":\"ImageObject\",\"inLanguage\":\"es\",\"@id\":\"https:\\\/\\\/www.ate-drainage.com\\\/es\\\/#\\\/schema\\\/logo\\\/image\\\/\",\"url\":\"https:\\\/\\\/www.ate-drainage.com\\\/wp-content\\\/uploads\\\/2023\\\/07\\\/logo-ate-drainage-1.svg\",\"contentUrl\":\"https:\\\/\\\/www.ate-drainage.com\\\/wp-content\\\/uploads\\\/2023\\\/07\\\/logo-ate-drainage-1.svg\",\"width\":172,\"height\":98,\"caption\":\"ATE DRAINAGE\"},\"image\":{\"@id\":\"https:\\\/\\\/www.ate-drainage.com\\\/es\\\/#\\\/schema\\\/logo\\\/image\\\/\"}}]}<\/script>\n<!-- \/ Yoast SEO plugin. -->","yoast_head_json":{"title":"Infiltraci\u00f3n sin grava - Infiltratube SN4 - ATE Drainage","description":"Descubra INFILTRATUBE SN4, nuestra soluci\u00f3n para la infiltraci\u00f3n in situ con instalaci\u00f3n sin grava, posible en todo tipo de suelos.","robots":{"index":"index","follow":"follow","max-snippet":"max-snippet:-1","max-image-preview":"max-image-preview:large","max-video-preview":"max-video-preview:-1"},"canonical":"https:\/\/www.ate-drainage.com\/es\/produits\/infiltratube-sn4\/","og_locale":"es_ES","og_type":"article","og_title":"Infiltraci\u00f3n sin grava - Infiltratube SN4 - ATE Drainage","og_description":"Descubra INFILTRATUBE SN4, nuestra soluci\u00f3n para la infiltraci\u00f3n in situ con instalaci\u00f3n sin grava, posible en todo tipo de suelos.","og_url":"https:\/\/www.ate-drainage.com\/es\/produits\/infiltratube-sn4\/","og_site_name":"ATE Drainage","article_modified_time":"2025-08-07T15:08:32+00:00","og_image":[{"width":680,"height":400,"url":"https:\/\/www.ate-drainage.com\/wp-content\/uploads\/2023\/07\/ATE_Infiltratube_infiltration_des_eaux_a_la_parcelle_noir.jpg","type":"image\/jpeg"}],"twitter_card":"summary_large_image","twitter_misc":{"Tiempo de lectura":"1 minuto"},"schema":{"@context":"https:\/\/schema.org","@graph":[{"@type":"WebPage","@id":"https:\/\/www.ate-drainage.com\/es\/produits\/infiltratube-sn4\/","url":"https:\/\/www.ate-drainage.com\/es\/produits\/infiltratube-sn4\/","name":"Infiltraci\u00f3n sin grava - Infiltratube SN4 - ATE Drainage","isPartOf":{"@id":"https:\/\/www.ate-drainage.com\/es\/#website"},"primaryImageOfPage":{"@id":"https:\/\/www.ate-drainage.com\/es\/produits\/infiltratube-sn4\/#primaryimage"},"image":{"@id":"https:\/\/www.ate-drainage.com\/es\/produits\/infiltratube-sn4\/#primaryimage"},"thumbnailUrl":"https:\/\/www.ate-drainage.com\/wp-content\/uploads\/2023\/07\/ATE_Infiltratube_infiltration_des_eaux_a_la_parcelle_noir.jpg","datePublished":"2023-07-28T08:46:13+00:00","dateModified":"2025-08-07T15:08:32+00:00","description":"Descubra INFILTRATUBE SN4, nuestra soluci\u00f3n para la infiltraci\u00f3n in situ con instalaci\u00f3n sin grava, posible en todo tipo de suelos.","breadcrumb":{"@id":"https:\/\/www.ate-drainage.com\/es\/produits\/infiltratube-sn4\/#breadcrumb"},"inLanguage":"es","potentialAction":[{"@type":"ReadAction","target":["https:\/\/www.ate-drainage.com\/es\/produits\/infiltratube-sn4\/"]}]},{"@type":"ImageObject","inLanguage":"es","@id":"https:\/\/www.ate-drainage.com\/es\/produits\/infiltratube-sn4\/#primaryimage","url":"https:\/\/www.ate-drainage.com\/wp-content\/uploads\/2023\/07\/ATE_Infiltratube_infiltration_des_eaux_a_la_parcelle_noir.jpg","contentUrl":"https:\/\/www.ate-drainage.com\/wp-content\/uploads\/2023\/07\/ATE_Infiltratube_infiltration_des_eaux_a_la_parcelle_noir.jpg","width":680,"height":400,"caption":"ATE Infiltratube infiltration des eaux \u00e0 la parcelle"},{"@type":"BreadcrumbList","@id":"https:\/\/www.ate-drainage.com\/es\/produits\/infiltratube-sn4\/#breadcrumb","itemListElement":[{"@type":"ListItem","position":1,"name":"P\u00e1gina de inicio","item":"https:\/\/www.ate-drainage.com\/es\/"},{"@type":"ListItem","position":2,"name":"Nuestras soluciones","item":"https:\/\/www.ate-drainage.com\/es\/produits\/"},{"@type":"ListItem","position":3,"name":"Infiltraci\u00f3n y tratamiento","item":"https:\/\/www.ate-drainage.com\/es\/produits\/categorie\/infiltracion-y-tratamiento\/"},{"@type":"ListItem","position":4,"name":"Sistemas de infiltraci\u00f3n de las aguas","item":"https:\/\/www.ate-drainage.com\/es\/produits\/categorie\/sistemas-de-infiltracion-de-las-aguas\/"},{"@type":"ListItem","position":5,"name":"Infiltratube SN4 sin grava"}]},{"@type":"WebSite","@id":"https:\/\/www.ate-drainage.com\/es\/#website","url":"https:\/\/www.ate-drainage.com\/es\/","name":"ATE DRAINAGE","description":"Drenaje, infiltraci\u00f3n y gesti\u00f3n de aguas pluviales","publisher":{"@id":"https:\/\/www.ate-drainage.com\/es\/#organization"},"alternateName":"ATE DRAINAGE","potentialAction":[{"@type":"SearchAction","target":{"@type":"EntryPoint","urlTemplate":"https:\/\/www.ate-drainage.com\/es\/?s={search_term_string}"},"query-input":{"@type":"PropertyValueSpecification","valueRequired":true,"valueName":"search_term_string"}}],"inLanguage":"es"},{"@type":"Organization","@id":"https:\/\/www.ate-drainage.com\/es\/#organization","name":"ATE DRAINAGE","alternateName":"ATE DRAINAGE","url":"https:\/\/www.ate-drainage.com\/es\/","logo":{"@type":"ImageObject","inLanguage":"es","@id":"https:\/\/www.ate-drainage.com\/es\/#\/schema\/logo\/image\/","url":"https:\/\/www.ate-drainage.com\/wp-content\/uploads\/2023\/07\/logo-ate-drainage-1.svg","contentUrl":"https:\/\/www.ate-drainage.com\/wp-content\/uploads\/2023\/07\/logo-ate-drainage-1.svg","width":172,"height":98,"caption":"ATE DRAINAGE"},"image":{"@id":"https:\/\/www.ate-drainage.com\/es\/#\/schema\/logo\/image\/"}}]}},"_links":{"self":[{"href":"https:\/\/www.ate-drainage.com\/es\/wp-json\/wp\/v2\/product\/2717","targetHints":{"allow":["GET"]}}],"collection":[{"href":"https:\/\/www.ate-drainage.com\/es\/wp-json\/wp\/v2\/product"}],"about":[{"href":"https:\/\/www.ate-drainage.com\/es\/wp-json\/wp\/v2\/types\/product"}],"version-history":[{"count":7,"href":"https:\/\/www.ate-drainage.com\/es\/wp-json\/wp\/v2\/product\/2717\/revisions"}],"predecessor-version":[{"id":7871,"href":"https:\/\/www.ate-drainage.com\/es\/wp-json\/wp\/v2\/product\/2717\/revisions\/7871"}],"wp:featuredmedia":[{"embeddable":true,"href":"https:\/\/www.ate-drainage.com\/es\/wp-json\/wp\/v2\/media\/7568"}],"wp:attachment":[{"href":"https:\/\/www.ate-drainage.com\/es\/wp-json\/wp\/v2\/media?parent=2717"}],"wp:term":[{"taxonomy":"product-category","embeddable":true,"href":"https:\/\/www.ate-drainage.com\/es\/wp-json\/wp\/v2\/product-category?post=2717"},{"taxonomy":"product-activity","embeddable":true,"href":"https:\/\/www.ate-drainage.com\/es\/wp-json\/wp\/v2\/product-activity?post=2717"}],"curies":[{"name":"wp","href":"https:\/\/api.w.org\/{rel}","templated":true}]}}