{"id":2920,"date":"2023-07-31T12:08:04","date_gmt":"2023-07-31T10:08:04","guid":{"rendered":"https:\/\/www.ate-drainage.com\/?post_type=product&#038;p=2920"},"modified":"2026-03-11T16:00:01","modified_gmt":"2026-03-11T15:00:01","slug":"tubo-de-evacuacion-de-edificios-reforzado-con-junta","status":"publish","type":"product","link":"https:\/\/www.ate-drainage.com\/es\/produits\/tubo-de-evacuacion-de-edificios-reforzado-con-junta\/","title":{"rendered":"Tubo de evacuaci\u00f3n de edificios reforzado con junta"},"excerpt":{"rendered":"<p>Tubo de evacuaci\u00f3n de edificios SANCOL reforzado con junta de PVC \u00d8100<\/p>\n","protected":false},"featured_media":7913,"template":"","meta":{"_acf_changed":false},"product-category":[124],"product-activity":[139,135,138,140,144,137,136],"class_list":["post-2920","product","type-product","status-publish","has-post-thumbnail","hentry","product-category-evacuacion-de-las-aguas-en-el-exterior-de-los-edificios","product-activity-albaniles","product-activity-arquitectos","product-activity-constructores","product-activity-directores-de-obra","product-activity-obras-publicas","product-activity-oficinas-de-control","product-activity-oficinas-tecnicas"],"acf":[],"yoast_head":"<!-- This site is optimized with the Yoast SEO plugin v27.5 - https:\/\/yoast.com\/product\/yoast-seo-wordpress\/ -->\n<title>Tubo de evacuaci\u00f3n de edificios reforzado con junta - ATE Drainage<\/title>\n<meta name=\"robots\" content=\"index, follow, max-snippet:-1, max-image-preview:large, max-video-preview:-1\" \/>\n<link rel=\"canonical\" href=\"https:\/\/www.ate-drainage.com\/es\/produits\/tubo-de-evacuacion-de-edificios-reforzado-con-junta\/\" \/>\n<meta property=\"og:locale\" content=\"es_ES\" \/>\n<meta property=\"og:type\" content=\"article\" \/>\n<meta property=\"og:title\" content=\"Tubo de evacuaci\u00f3n de edificios reforzado con junta - ATE Drainage\" \/>\n<meta property=\"og:description\" content=\"Tubo de evacuaci\u00f3n de edificios SANCOL reforzado con junta de PVC \u00d8100\" \/>\n<meta property=\"og:url\" content=\"https:\/\/www.ate-drainage.com\/es\/produits\/tubo-de-evacuacion-de-edificios-reforzado-con-junta\/\" \/>\n<meta property=\"og:site_name\" content=\"ATE Drainage\" \/>\n<meta property=\"article:modified_time\" content=\"2026-03-11T15:00:01+00:00\" \/>\n<meta property=\"og:image\" content=\"https:\/\/www.ate-drainage.com\/wp-content\/uploads\/2023\/07\/ATE_SANCOL_Tube_renforce_a_joint_SN8_D100.jpg\" \/>\n\t<meta property=\"og:image:width\" content=\"680\" \/>\n\t<meta property=\"og:image:height\" content=\"400\" \/>\n\t<meta property=\"og:image:type\" content=\"image\/jpeg\" \/>\n<meta name=\"twitter:card\" content=\"summary_large_image\" \/>\n<meta name=\"twitter:label1\" content=\"Tiempo de lectura\" \/>\n\t<meta name=\"twitter:data1\" content=\"1 minuto\" \/>\n<script type=\"application\/ld+json\" class=\"yoast-schema-graph\">{\"@context\":\"https:\\\/\\\/schema.org\",\"@graph\":[{\"@type\":\"WebPage\",\"@id\":\"https:\\\/\\\/www.ate-drainage.com\\\/es\\\/produits\\\/tubo-de-evacuacion-de-edificios-reforzado-con-junta\\\/\",\"url\":\"https:\\\/\\\/www.ate-drainage.com\\\/es\\\/produits\\\/tubo-de-evacuacion-de-edificios-reforzado-con-junta\\\/\",\"name\":\"Tubo de evacuaci\u00f3n de edificios reforzado con junta - ATE Drainage\",\"isPartOf\":{\"@id\":\"https:\\\/\\\/www.ate-drainage.com\\\/es\\\/#website\"},\"primaryImageOfPage\":{\"@id\":\"https:\\\/\\\/www.ate-drainage.com\\\/es\\\/produits\\\/tubo-de-evacuacion-de-edificios-reforzado-con-junta\\\/#primaryimage\"},\"image\":{\"@id\":\"https:\\\/\\\/www.ate-drainage.com\\\/es\\\/produits\\\/tubo-de-evacuacion-de-edificios-reforzado-con-junta\\\/#primaryimage\"},\"thumbnailUrl\":\"https:\\\/\\\/www.ate-drainage.com\\\/wp-content\\\/uploads\\\/2023\\\/07\\\/ATE_SANCOL_Tube_renforce_a_joint_SN8_D100.jpg\",\"datePublished\":\"2023-07-31T10:08:04+00:00\",\"dateModified\":\"2026-03-11T15:00:01+00:00\",\"breadcrumb\":{\"@id\":\"https:\\\/\\\/www.ate-drainage.com\\\/es\\\/produits\\\/tubo-de-evacuacion-de-edificios-reforzado-con-junta\\\/#breadcrumb\"},\"inLanguage\":\"es\",\"potentialAction\":[{\"@type\":\"ReadAction\",\"target\":[\"https:\\\/\\\/www.ate-drainage.com\\\/es\\\/produits\\\/tubo-de-evacuacion-de-edificios-reforzado-con-junta\\\/\"]}]},{\"@type\":\"ImageObject\",\"inLanguage\":\"es\",\"@id\":\"https:\\\/\\\/www.ate-drainage.com\\\/es\\\/produits\\\/tubo-de-evacuacion-de-edificios-reforzado-con-junta\\\/#primaryimage\",\"url\":\"https:\\\/\\\/www.ate-drainage.com\\\/wp-content\\\/uploads\\\/2023\\\/07\\\/ATE_SANCOL_Tube_renforce_a_joint_SN8_D100.jpg\",\"contentUrl\":\"https:\\\/\\\/www.ate-drainage.com\\\/wp-content\\\/uploads\\\/2023\\\/07\\\/ATE_SANCOL_Tube_renforce_a_joint_SN8_D100.jpg\",\"width\":680,\"height\":400,\"caption\":\"ATE SANCOL Tube renforc\u00e9 \u00e0 joint SN8 D100\"},{\"@type\":\"BreadcrumbList\",\"@id\":\"https:\\\/\\\/www.ate-drainage.com\\\/es\\\/produits\\\/tubo-de-evacuacion-de-edificios-reforzado-con-junta\\\/#breadcrumb\",\"itemListElement\":[{\"@type\":\"ListItem\",\"position\":1,\"name\":\"P\u00e1gina de inicio\",\"item\":\"https:\\\/\\\/www.ate-drainage.com\\\/es\\\/\"},{\"@type\":\"ListItem\",\"position\":2,\"name\":\"Nuestras soluciones\",\"item\":\"https:\\\/\\\/www.ate-drainage.com\\\/es\\\/produits\\\/\"},{\"@type\":\"ListItem\",\"position\":3,\"name\":\"Evacuaci\u00f3n de las aguas\",\"item\":\"https:\\\/\\\/www.ate-drainage.com\\\/es\\\/produits\\\/categorie\\\/evacuacion\\\/\"},{\"@type\":\"ListItem\",\"position\":4,\"name\":\"Evacuaci\u00f3n de las aguas en el exterior de los edificios\",\"item\":\"https:\\\/\\\/www.ate-drainage.com\\\/es\\\/produits\\\/categorie\\\/evacuacion-de-las-aguas-en-el-exterior-de-los-edificios\\\/\"},{\"@type\":\"ListItem\",\"position\":5,\"name\":\"Tubo de evacuaci\u00f3n de edificios reforzado con junta\"}]},{\"@type\":\"WebSite\",\"@id\":\"https:\\\/\\\/www.ate-drainage.com\\\/es\\\/#website\",\"url\":\"https:\\\/\\\/www.ate-drainage.com\\\/es\\\/\",\"name\":\"ATE DRAINAGE\",\"description\":\"Drenaje, infiltraci\u00f3n y gesti\u00f3n de aguas pluviales\",\"publisher\":{\"@id\":\"https:\\\/\\\/www.ate-drainage.com\\\/es\\\/#organization\"},\"alternateName\":\"ATE DRAINAGE\",\"potentialAction\":[{\"@type\":\"SearchAction\",\"target\":{\"@type\":\"EntryPoint\",\"urlTemplate\":\"https:\\\/\\\/www.ate-drainage.com\\\/es\\\/?s={search_term_string}\"},\"query-input\":{\"@type\":\"PropertyValueSpecification\",\"valueRequired\":true,\"valueName\":\"search_term_string\"}}],\"inLanguage\":\"es\"},{\"@type\":\"Organization\",\"@id\":\"https:\\\/\\\/www.ate-drainage.com\\\/es\\\/#organization\",\"name\":\"ATE DRAINAGE\",\"alternateName\":\"ATE DRAINAGE\",\"url\":\"https:\\\/\\\/www.ate-drainage.com\\\/es\\\/\",\"logo\":{\"@type\":\"ImageObject\",\"inLanguage\":\"es\",\"@id\":\"https:\\\/\\\/www.ate-drainage.com\\\/es\\\/#\\\/schema\\\/logo\\\/image\\\/\",\"url\":\"https:\\\/\\\/www.ate-drainage.com\\\/wp-content\\\/uploads\\\/2023\\\/07\\\/logo-ate-drainage-1.svg\",\"contentUrl\":\"https:\\\/\\\/www.ate-drainage.com\\\/wp-content\\\/uploads\\\/2023\\\/07\\\/logo-ate-drainage-1.svg\",\"width\":172,\"height\":98,\"caption\":\"ATE DRAINAGE\"},\"image\":{\"@id\":\"https:\\\/\\\/www.ate-drainage.com\\\/es\\\/#\\\/schema\\\/logo\\\/image\\\/\"}}]}<\/script>\n<!-- \/ Yoast SEO plugin. -->","yoast_head_json":{"title":"Tubo de evacuaci\u00f3n de edificios reforzado con junta - ATE Drainage","robots":{"index":"index","follow":"follow","max-snippet":"max-snippet:-1","max-image-preview":"max-image-preview:large","max-video-preview":"max-video-preview:-1"},"canonical":"https:\/\/www.ate-drainage.com\/es\/produits\/tubo-de-evacuacion-de-edificios-reforzado-con-junta\/","og_locale":"es_ES","og_type":"article","og_title":"Tubo de evacuaci\u00f3n de edificios reforzado con junta - ATE Drainage","og_description":"Tubo de evacuaci\u00f3n de edificios SANCOL reforzado con junta de PVC \u00d8100","og_url":"https:\/\/www.ate-drainage.com\/es\/produits\/tubo-de-evacuacion-de-edificios-reforzado-con-junta\/","og_site_name":"ATE Drainage","article_modified_time":"2026-03-11T15:00:01+00:00","og_image":[{"width":680,"height":400,"url":"https:\/\/www.ate-drainage.com\/wp-content\/uploads\/2023\/07\/ATE_SANCOL_Tube_renforce_a_joint_SN8_D100.jpg","type":"image\/jpeg"}],"twitter_card":"summary_large_image","twitter_misc":{"Tiempo de lectura":"1 minuto"},"schema":{"@context":"https:\/\/schema.org","@graph":[{"@type":"WebPage","@id":"https:\/\/www.ate-drainage.com\/es\/produits\/tubo-de-evacuacion-de-edificios-reforzado-con-junta\/","url":"https:\/\/www.ate-drainage.com\/es\/produits\/tubo-de-evacuacion-de-edificios-reforzado-con-junta\/","name":"Tubo de evacuaci\u00f3n de edificios reforzado con junta - ATE Drainage","isPartOf":{"@id":"https:\/\/www.ate-drainage.com\/es\/#website"},"primaryImageOfPage":{"@id":"https:\/\/www.ate-drainage.com\/es\/produits\/tubo-de-evacuacion-de-edificios-reforzado-con-junta\/#primaryimage"},"image":{"@id":"https:\/\/www.ate-drainage.com\/es\/produits\/tubo-de-evacuacion-de-edificios-reforzado-con-junta\/#primaryimage"},"thumbnailUrl":"https:\/\/www.ate-drainage.com\/wp-content\/uploads\/2023\/07\/ATE_SANCOL_Tube_renforce_a_joint_SN8_D100.jpg","datePublished":"2023-07-31T10:08:04+00:00","dateModified":"2026-03-11T15:00:01+00:00","breadcrumb":{"@id":"https:\/\/www.ate-drainage.com\/es\/produits\/tubo-de-evacuacion-de-edificios-reforzado-con-junta\/#breadcrumb"},"inLanguage":"es","potentialAction":[{"@type":"ReadAction","target":["https:\/\/www.ate-drainage.com\/es\/produits\/tubo-de-evacuacion-de-edificios-reforzado-con-junta\/"]}]},{"@type":"ImageObject","inLanguage":"es","@id":"https:\/\/www.ate-drainage.com\/es\/produits\/tubo-de-evacuacion-de-edificios-reforzado-con-junta\/#primaryimage","url":"https:\/\/www.ate-drainage.com\/wp-content\/uploads\/2023\/07\/ATE_SANCOL_Tube_renforce_a_joint_SN8_D100.jpg","contentUrl":"https:\/\/www.ate-drainage.com\/wp-content\/uploads\/2023\/07\/ATE_SANCOL_Tube_renforce_a_joint_SN8_D100.jpg","width":680,"height":400,"caption":"ATE SANCOL Tube renforc\u00e9 \u00e0 joint SN8 D100"},{"@type":"BreadcrumbList","@id":"https:\/\/www.ate-drainage.com\/es\/produits\/tubo-de-evacuacion-de-edificios-reforzado-con-junta\/#breadcrumb","itemListElement":[{"@type":"ListItem","position":1,"name":"P\u00e1gina de inicio","item":"https:\/\/www.ate-drainage.com\/es\/"},{"@type":"ListItem","position":2,"name":"Nuestras soluciones","item":"https:\/\/www.ate-drainage.com\/es\/produits\/"},{"@type":"ListItem","position":3,"name":"Evacuaci\u00f3n de las aguas","item":"https:\/\/www.ate-drainage.com\/es\/produits\/categorie\/evacuacion\/"},{"@type":"ListItem","position":4,"name":"Evacuaci\u00f3n de las aguas en el exterior de los edificios","item":"https:\/\/www.ate-drainage.com\/es\/produits\/categorie\/evacuacion-de-las-aguas-en-el-exterior-de-los-edificios\/"},{"@type":"ListItem","position":5,"name":"Tubo de evacuaci\u00f3n de edificios reforzado con junta"}]},{"@type":"WebSite","@id":"https:\/\/www.ate-drainage.com\/es\/#website","url":"https:\/\/www.ate-drainage.com\/es\/","name":"ATE DRAINAGE","description":"Drenaje, infiltraci\u00f3n y gesti\u00f3n de aguas pluviales","publisher":{"@id":"https:\/\/www.ate-drainage.com\/es\/#organization"},"alternateName":"ATE DRAINAGE","potentialAction":[{"@type":"SearchAction","target":{"@type":"EntryPoint","urlTemplate":"https:\/\/www.ate-drainage.com\/es\/?s={search_term_string}"},"query-input":{"@type":"PropertyValueSpecification","valueRequired":true,"valueName":"search_term_string"}}],"inLanguage":"es"},{"@type":"Organization","@id":"https:\/\/www.ate-drainage.com\/es\/#organization","name":"ATE DRAINAGE","alternateName":"ATE DRAINAGE","url":"https:\/\/www.ate-drainage.com\/es\/","logo":{"@type":"ImageObject","inLanguage":"es","@id":"https:\/\/www.ate-drainage.com\/es\/#\/schema\/logo\/image\/","url":"https:\/\/www.ate-drainage.com\/wp-content\/uploads\/2023\/07\/logo-ate-drainage-1.svg","contentUrl":"https:\/\/www.ate-drainage.com\/wp-content\/uploads\/2023\/07\/logo-ate-drainage-1.svg","width":172,"height":98,"caption":"ATE DRAINAGE"},"image":{"@id":"https:\/\/www.ate-drainage.com\/es\/#\/schema\/logo\/image\/"}}]}},"_links":{"self":[{"href":"https:\/\/www.ate-drainage.com\/es\/wp-json\/wp\/v2\/product\/2920","targetHints":{"allow":["GET"]}}],"collection":[{"href":"https:\/\/www.ate-drainage.com\/es\/wp-json\/wp\/v2\/product"}],"about":[{"href":"https:\/\/www.ate-drainage.com\/es\/wp-json\/wp\/v2\/types\/product"}],"version-history":[{"count":9,"href":"https:\/\/www.ate-drainage.com\/es\/wp-json\/wp\/v2\/product\/2920\/revisions"}],"predecessor-version":[{"id":8837,"href":"https:\/\/www.ate-drainage.com\/es\/wp-json\/wp\/v2\/product\/2920\/revisions\/8837"}],"wp:featuredmedia":[{"embeddable":true,"href":"https:\/\/www.ate-drainage.com\/es\/wp-json\/wp\/v2\/media\/7913"}],"wp:attachment":[{"href":"https:\/\/www.ate-drainage.com\/es\/wp-json\/wp\/v2\/media?parent=2920"}],"wp:term":[{"taxonomy":"product-category","embeddable":true,"href":"https:\/\/www.ate-drainage.com\/es\/wp-json\/wp\/v2\/product-category?post=2920"},{"taxonomy":"product-activity","embeddable":true,"href":"https:\/\/www.ate-drainage.com\/es\/wp-json\/wp\/v2\/product-activity?post=2920"}],"curies":[{"name":"wp","href":"https:\/\/api.w.org\/{rel}","templated":true}]}}